{"id":82,"date":"2026-02-16T10:39:21","date_gmt":"2026-02-16T09:39:21","guid":{"rendered":"https:\/\/melanienaturo.fr\/?page_id=82"},"modified":"2026-02-16T10:54:01","modified_gmt":"2026-02-16T09:54:01","slug":"contact-naturopathe-a-itteville-en-essonne","status":"publish","type":"page","link":"https:\/\/melanienaturo.fr\/index.php\/contact-naturopathe-a-itteville-en-essonne\/","title":{"rendered":"Contact Naturopathe \u00e0 Itteville en Essonne"},"content":{"rendered":"\t\t<div data-elementor-type=\"wp-page\" data-elementor-id=\"82\" class=\"elementor elementor-82\">\n\t\t\t\t<div class=\"elementor-element elementor-element-7689840 e-flex e-con-boxed e-con e-parent\" data-id=\"7689840\" data-element_type=\"container\" data-e-type=\"container\">\n\t\t\t\t\t<div class=\"e-con-inner\">\n\t\t\t\t<div class=\"elementor-element elementor-element-d55e27f elementor-widget elementor-widget-heading\" data-id=\"d55e27f\" data-element_type=\"widget\" data-e-type=\"widget\" data-widget_type=\"heading.default\">\n\t\t\t\t\t<h2 class=\"elementor-heading-title elementor-size-default\">Contact M\u00e9lanie Druesne Naturopathe<\/h2>\t\t\t\t<\/div>\n\t\t\t\t<div class=\"elementor-element elementor-element-21deeac elementor-widget elementor-widget-text-editor\" data-id=\"21deeac\" data-element_type=\"widget\" data-e-type=\"widget\" data-widget_type=\"text-editor.default\">\n\t\t\t\t\t\t\t\t\t<p style=\"text-align: center;\"><b>T\u00e9l\u00e9phone\u00a0<\/b>: 06 67 09 29 46<\/p><p style=\"text-align: center;\"><b>Mail\u00a0<\/b>: mdruesnenaturo(arobase)gmail.com<\/p>\t\t\t\t\t\t\t\t<\/div>\n\t\t\t\t\t<\/div>\n\t\t\t\t<\/div>\n\t\t<div class=\"elementor-element elementor-element-5a5c2a0 e-flex e-con-boxed e-con e-parent\" data-id=\"5a5c2a0\" data-element_type=\"container\" data-e-type=\"container\" data-settings=\"{&quot;background_background&quot;:&quot;classic&quot;}\">\n\t\t\t\t\t<div class=\"e-con-inner\">\n\t\t<div class=\"elementor-element elementor-element-39f1439 e-con-full e-flex e-con e-child\" data-id=\"39f1439\" data-element_type=\"container\" data-e-type=\"container\">\n\t\t\t\t<div class=\"elementor-element elementor-element-add9af2 elementor-widget elementor-widget-image\" data-id=\"add9af2\" data-element_type=\"widget\" data-e-type=\"widget\" data-widget_type=\"image.default\">\n\t\t\t\t\t\t\t\t\t\t\t\t\t\t\t<img fetchpriority=\"high\" decoding=\"async\" width=\"600\" height=\"625\" src=\"https:\/\/melanienaturo.fr\/wp-content\/uploads\/2026\/02\/CONTACT.png\" class=\"attachment-large size-large wp-image-24\" alt=\"Contact naturopathe Itteville\" srcset=\"https:\/\/melanienaturo.fr\/wp-content\/uploads\/2026\/02\/CONTACT.png 600w, https:\/\/melanienaturo.fr\/wp-content\/uploads\/2026\/02\/CONTACT-288x300.png 288w\" sizes=\"(max-width: 600px) 100vw, 600px\" \/>\t\t\t\t\t\t\t\t\t\t\t\t\t\t\t<\/div>\n\t\t\t\t<\/div>\n\t\t<div class=\"elementor-element elementor-element-b4b1e17 e-con-full e-flex e-con e-child\" data-id=\"b4b1e17\" data-element_type=\"container\" data-e-type=\"container\">\n\t\t\t\t<div class=\"elementor-element elementor-element-f042542 elementor-widget elementor-widget-heading\" data-id=\"f042542\" data-element_type=\"widget\" data-e-type=\"widget\" data-widget_type=\"heading.default\">\n\t\t\t\t\t<h2 class=\"elementor-heading-title elementor-size-default\">Cabinet<\/h2>\t\t\t\t<\/div>\n\t\t\t\t<div class=\"elementor-element elementor-element-dae8668 elementor-widget elementor-widget-text-editor\" data-id=\"dae8668\" data-element_type=\"widget\" data-e-type=\"widget\" data-widget_type=\"text-editor.default\">\n\t\t\t\t\t\t\t\t\t<p style=\"text-align: center;\">10 rue de Gaillon, 91630 Marolles en Hurepoix<\/p>\t\t\t\t\t\t\t\t<\/div>\n\t\t\t\t<div class=\"elementor-element elementor-element-a624aaa elementor-widget-divider--view-line elementor-widget elementor-widget-divider\" data-id=\"a624aaa\" data-element_type=\"widget\" data-e-type=\"widget\" data-widget_type=\"divider.default\">\n\t\t\t\t\t\t\t<div class=\"elementor-divider\">\n\t\t\t<span class=\"elementor-divider-separator\">\n\t\t\t\t\t\t<\/span>\n\t\t<\/div>\n\t\t\t\t\t\t<\/div>\n\t\t\t\t<div class=\"elementor-element elementor-element-8fd40a4 elementor-widget elementor-widget-heading\" data-id=\"8fd40a4\" data-element_type=\"widget\" data-e-type=\"widget\" data-widget_type=\"heading.default\">\n\t\t\t\t\t<h2 class=\"elementor-heading-title elementor-size-default\">Rendez-vous \u00e0 domicile\n<\/h2>\t\t\t\t<\/div>\n\t\t\t\t<div class=\"elementor-element elementor-element-59a13d9 elementor-widget elementor-widget-text-editor\" data-id=\"59a13d9\" data-element_type=\"widget\" data-e-type=\"widget\" data-settings=\"{&quot;_animation&quot;:&quot;none&quot;}\" data-widget_type=\"text-editor.default\">\n\t\t\t\t\t\t\t\t\t<div class=\"elementor-element elementor-element-005b14c e-flex e-con-boxed e-con e-parent e-lazyloaded\" data-id=\"005b14c\" data-element_type=\"container\"><div class=\"e-con-inner\"><div class=\"elementor-element elementor-element-96e82ee e-con-full e-flex e-con e-child animated zoomIn\" data-id=\"96e82ee\" data-element_type=\"container\" data-settings=\"{&quot;animation&quot;:&quot;zoomIn&quot;}\"><div class=\"elementor-element elementor-element-b061651 elementor-widget elementor-widget-text-editor\" data-id=\"b061651\" data-element_type=\"widget\" data-widget_type=\"text-editor.default\"><div class=\"elementor-widget-container\"><p style=\"text-align: center;\">Dans un rayon de 10km d\u2019Itteville<\/p><\/div><\/div><\/div><\/div><\/div>\t\t\t\t\t\t\t\t<\/div>\n\t\t\t\t<\/div>\n\t\t\t\t\t<\/div>\n\t\t\t\t<\/div>\n\t\t\t\t<\/div>\n\t\t","protected":false},"excerpt":{"rendered":"<p>Informations de contact naturopathe \u00e0 Itteville et Marolles en Hurepoix en Essonne<\/p>\n","protected":false},"author":1,"featured_media":21,"parent":0,"menu_order":0,"comment_status":"closed","ping_status":"closed","template":"","meta":{"footnotes":""},"class_list":["post-82","page","type-page","status-publish","has-post-thumbnail","hentry"],"yoast_head":"<!-- This site is optimized with the Yoast SEO plugin v27.3 - https:\/\/yoast.com\/product\/yoast-seo-wordpress\/ -->\n<title>Contact Naturopathe \u00e0 Itteville en Essonne - M\u00e9lanie Druesne Naturopathe<\/title>\n<meta name=\"description\" content=\"Informations de contact de M\u00e9lanie Druesne naturopathe \u00e0 Itteville et Marolles-en-Hurepoix en Essonne.\" \/>\n<meta name=\"robots\" content=\"index, follow, max-snippet:-1, max-image-preview:large, max-video-preview:-1\" \/>\n<link rel=\"canonical\" href=\"https:\/\/melanienaturo.fr\/index.php\/contact-naturopathe-a-itteville-en-essonne\/\" \/>\n<meta property=\"og:locale\" content=\"fr_FR\" \/>\n<meta property=\"og:type\" content=\"article\" \/>\n<meta property=\"og:title\" content=\"Contact Naturopathe \u00e0 Itteville en Essonne - M\u00e9lanie Druesne Naturopathe\" \/>\n<meta property=\"og:description\" content=\"Informations de contact de M\u00e9lanie Druesne naturopathe \u00e0 Itteville et Marolles-en-Hurepoix en Essonne.\" \/>\n<meta property=\"og:url\" content=\"https:\/\/melanienaturo.fr\/index.php\/contact-naturopathe-a-itteville-en-essonne\/\" \/>\n<meta property=\"og:site_name\" content=\"M\u00e9lanie Druesne Naturopathe\" \/>\n<meta property=\"article:modified_time\" content=\"2026-02-16T09:54:01+00:00\" \/>\n<meta property=\"og:image\" content=\"https:\/\/melanienaturo.fr\/wp-content\/uploads\/2026\/02\/CONTACT-scaled.jpg\" \/>\n\t<meta property=\"og:image:width\" content=\"2560\" \/>\n\t<meta property=\"og:image:height\" content=\"2269\" \/>\n\t<meta property=\"og:image:type\" content=\"image\/jpeg\" \/>\n<meta name=\"twitter:card\" content=\"summary_large_image\" \/>\n<meta name=\"twitter:label1\" content=\"Dur\u00e9e de lecture estim\u00e9e\" \/>\n\t<meta name=\"twitter:data1\" content=\"1 minute\" \/>\n<script type=\"application\/ld+json\" class=\"yoast-schema-graph\">{\"@context\":\"https:\\\/\\\/schema.org\",\"@graph\":[{\"@type\":\"WebPage\",\"@id\":\"https:\\\/\\\/melanienaturo.fr\\\/index.php\\\/contact-naturopathe-a-itteville-en-essonne\\\/\",\"url\":\"https:\\\/\\\/melanienaturo.fr\\\/index.php\\\/contact-naturopathe-a-itteville-en-essonne\\\/\",\"name\":\"Contact Naturopathe \u00e0 Itteville en Essonne - M\u00e9lanie Druesne Naturopathe\",\"isPartOf\":{\"@id\":\"https:\\\/\\\/melanienaturo.fr\\\/#website\"},\"primaryImageOfPage\":{\"@id\":\"https:\\\/\\\/melanienaturo.fr\\\/index.php\\\/contact-naturopathe-a-itteville-en-essonne\\\/#primaryimage\"},\"image\":{\"@id\":\"https:\\\/\\\/melanienaturo.fr\\\/index.php\\\/contact-naturopathe-a-itteville-en-essonne\\\/#primaryimage\"},\"thumbnailUrl\":\"https:\\\/\\\/melanienaturo.fr\\\/wp-content\\\/uploads\\\/2026\\\/02\\\/CONTACT-scaled.jpg\",\"datePublished\":\"2026-02-16T09:39:21+00:00\",\"dateModified\":\"2026-02-16T09:54:01+00:00\",\"description\":\"Informations de contact de M\u00e9lanie Druesne naturopathe \u00e0 Itteville et Marolles-en-Hurepoix en Essonne.\",\"breadcrumb\":{\"@id\":\"https:\\\/\\\/melanienaturo.fr\\\/index.php\\\/contact-naturopathe-a-itteville-en-essonne\\\/#breadcrumb\"},\"inLanguage\":\"fr-FR\",\"potentialAction\":[{\"@type\":\"ReadAction\",\"target\":[\"https:\\\/\\\/melanienaturo.fr\\\/index.php\\\/contact-naturopathe-a-itteville-en-essonne\\\/\"]}]},{\"@type\":\"ImageObject\",\"inLanguage\":\"fr-FR\",\"@id\":\"https:\\\/\\\/melanienaturo.fr\\\/index.php\\\/contact-naturopathe-a-itteville-en-essonne\\\/#primaryimage\",\"url\":\"https:\\\/\\\/melanienaturo.fr\\\/wp-content\\\/uploads\\\/2026\\\/02\\\/CONTACT-scaled.jpg\",\"contentUrl\":\"https:\\\/\\\/melanienaturo.fr\\\/wp-content\\\/uploads\\\/2026\\\/02\\\/CONTACT-scaled.jpg\",\"width\":2560,\"height\":2269,\"caption\":\"Contact naturopathe Itteville\"},{\"@type\":\"BreadcrumbList\",\"@id\":\"https:\\\/\\\/melanienaturo.fr\\\/index.php\\\/contact-naturopathe-a-itteville-en-essonne\\\/#breadcrumb\",\"itemListElement\":[{\"@type\":\"ListItem\",\"position\":1,\"name\":\"Accueil\",\"item\":\"https:\\\/\\\/melanienaturo.fr\\\/\"},{\"@type\":\"ListItem\",\"position\":2,\"name\":\"Contact Naturopathe \u00e0 Itteville en Essonne\"}]},{\"@type\":\"WebSite\",\"@id\":\"https:\\\/\\\/melanienaturo.fr\\\/#website\",\"url\":\"https:\\\/\\\/melanienaturo.fr\\\/\",\"name\":\"M\u00e9lanie Druesne Naturopathe\",\"description\":\"Naturopathie et ateliers en Essonne 91\",\"publisher\":{\"@id\":\"https:\\\/\\\/melanienaturo.fr\\\/#\\\/schema\\\/person\\\/1f9d534f982cf478ce9f8207c5a6e0f9\"},\"potentialAction\":[{\"@type\":\"SearchAction\",\"target\":{\"@type\":\"EntryPoint\",\"urlTemplate\":\"https:\\\/\\\/melanienaturo.fr\\\/?s={search_term_string}\"},\"query-input\":{\"@type\":\"PropertyValueSpecification\",\"valueRequired\":true,\"valueName\":\"search_term_string\"}}],\"inLanguage\":\"fr-FR\"},{\"@type\":[\"Person\",\"Organization\"],\"@id\":\"https:\\\/\\\/melanienaturo.fr\\\/#\\\/schema\\\/person\\\/1f9d534f982cf478ce9f8207c5a6e0f9\",\"name\":\"admin6255\",\"image\":{\"@type\":\"ImageObject\",\"inLanguage\":\"fr-FR\",\"@id\":\"https:\\\/\\\/melanienaturo.fr\\\/wp-content\\\/uploads\\\/2026\\\/02\\\/LogoHEader.jpg\",\"url\":\"https:\\\/\\\/melanienaturo.fr\\\/wp-content\\\/uploads\\\/2026\\\/02\\\/LogoHEader.jpg\",\"contentUrl\":\"https:\\\/\\\/melanienaturo.fr\\\/wp-content\\\/uploads\\\/2026\\\/02\\\/LogoHEader.jpg\",\"width\":324,\"height\":188,\"caption\":\"admin6255\"},\"logo\":{\"@id\":\"https:\\\/\\\/melanienaturo.fr\\\/wp-content\\\/uploads\\\/2026\\\/02\\\/LogoHEader.jpg\"},\"sameAs\":[\"http:\\\/\\\/melanij.cluster027.hosting.ovh.net\"]}]}<\/script>\n<!-- \/ Yoast SEO plugin. -->","yoast_head_json":{"title":"Contact Naturopathe \u00e0 Itteville en Essonne - M\u00e9lanie Druesne Naturopathe","description":"Informations de contact de M\u00e9lanie Druesne naturopathe \u00e0 Itteville et Marolles-en-Hurepoix en Essonne.","robots":{"index":"index","follow":"follow","max-snippet":"max-snippet:-1","max-image-preview":"max-image-preview:large","max-video-preview":"max-video-preview:-1"},"canonical":"https:\/\/melanienaturo.fr\/index.php\/contact-naturopathe-a-itteville-en-essonne\/","og_locale":"fr_FR","og_type":"article","og_title":"Contact Naturopathe \u00e0 Itteville en Essonne - M\u00e9lanie Druesne Naturopathe","og_description":"Informations de contact de M\u00e9lanie Druesne naturopathe \u00e0 Itteville et Marolles-en-Hurepoix en Essonne.","og_url":"https:\/\/melanienaturo.fr\/index.php\/contact-naturopathe-a-itteville-en-essonne\/","og_site_name":"M\u00e9lanie Druesne Naturopathe","article_modified_time":"2026-02-16T09:54:01+00:00","og_image":[{"width":2560,"height":2269,"url":"https:\/\/melanienaturo.fr\/wp-content\/uploads\/2026\/02\/CONTACT-scaled.jpg","type":"image\/jpeg"}],"twitter_card":"summary_large_image","twitter_misc":{"Dur\u00e9e de lecture estim\u00e9e":"1 minute"},"schema":{"@context":"https:\/\/schema.org","@graph":[{"@type":"WebPage","@id":"https:\/\/melanienaturo.fr\/index.php\/contact-naturopathe-a-itteville-en-essonne\/","url":"https:\/\/melanienaturo.fr\/index.php\/contact-naturopathe-a-itteville-en-essonne\/","name":"Contact Naturopathe \u00e0 Itteville en Essonne - M\u00e9lanie Druesne Naturopathe","isPartOf":{"@id":"https:\/\/melanienaturo.fr\/#website"},"primaryImageOfPage":{"@id":"https:\/\/melanienaturo.fr\/index.php\/contact-naturopathe-a-itteville-en-essonne\/#primaryimage"},"image":{"@id":"https:\/\/melanienaturo.fr\/index.php\/contact-naturopathe-a-itteville-en-essonne\/#primaryimage"},"thumbnailUrl":"https:\/\/melanienaturo.fr\/wp-content\/uploads\/2026\/02\/CONTACT-scaled.jpg","datePublished":"2026-02-16T09:39:21+00:00","dateModified":"2026-02-16T09:54:01+00:00","description":"Informations de contact de M\u00e9lanie Druesne naturopathe \u00e0 Itteville et Marolles-en-Hurepoix en Essonne.","breadcrumb":{"@id":"https:\/\/melanienaturo.fr\/index.php\/contact-naturopathe-a-itteville-en-essonne\/#breadcrumb"},"inLanguage":"fr-FR","potentialAction":[{"@type":"ReadAction","target":["https:\/\/melanienaturo.fr\/index.php\/contact-naturopathe-a-itteville-en-essonne\/"]}]},{"@type":"ImageObject","inLanguage":"fr-FR","@id":"https:\/\/melanienaturo.fr\/index.php\/contact-naturopathe-a-itteville-en-essonne\/#primaryimage","url":"https:\/\/melanienaturo.fr\/wp-content\/uploads\/2026\/02\/CONTACT-scaled.jpg","contentUrl":"https:\/\/melanienaturo.fr\/wp-content\/uploads\/2026\/02\/CONTACT-scaled.jpg","width":2560,"height":2269,"caption":"Contact naturopathe Itteville"},{"@type":"BreadcrumbList","@id":"https:\/\/melanienaturo.fr\/index.php\/contact-naturopathe-a-itteville-en-essonne\/#breadcrumb","itemListElement":[{"@type":"ListItem","position":1,"name":"Accueil","item":"https:\/\/melanienaturo.fr\/"},{"@type":"ListItem","position":2,"name":"Contact Naturopathe \u00e0 Itteville en Essonne"}]},{"@type":"WebSite","@id":"https:\/\/melanienaturo.fr\/#website","url":"https:\/\/melanienaturo.fr\/","name":"M\u00e9lanie Druesne Naturopathe","description":"Naturopathie et ateliers en Essonne 91","publisher":{"@id":"https:\/\/melanienaturo.fr\/#\/schema\/person\/1f9d534f982cf478ce9f8207c5a6e0f9"},"potentialAction":[{"@type":"SearchAction","target":{"@type":"EntryPoint","urlTemplate":"https:\/\/melanienaturo.fr\/?s={search_term_string}"},"query-input":{"@type":"PropertyValueSpecification","valueRequired":true,"valueName":"search_term_string"}}],"inLanguage":"fr-FR"},{"@type":["Person","Organization"],"@id":"https:\/\/melanienaturo.fr\/#\/schema\/person\/1f9d534f982cf478ce9f8207c5a6e0f9","name":"admin6255","image":{"@type":"ImageObject","inLanguage":"fr-FR","@id":"https:\/\/melanienaturo.fr\/wp-content\/uploads\/2026\/02\/LogoHEader.jpg","url":"https:\/\/melanienaturo.fr\/wp-content\/uploads\/2026\/02\/LogoHEader.jpg","contentUrl":"https:\/\/melanienaturo.fr\/wp-content\/uploads\/2026\/02\/LogoHEader.jpg","width":324,"height":188,"caption":"admin6255"},"logo":{"@id":"https:\/\/melanienaturo.fr\/wp-content\/uploads\/2026\/02\/LogoHEader.jpg"},"sameAs":["http:\/\/melanij.cluster027.hosting.ovh.net"]}]}},"_links":{"self":[{"href":"https:\/\/melanienaturo.fr\/index.php\/wp-json\/wp\/v2\/pages\/82","targetHints":{"allow":["GET"]}}],"collection":[{"href":"https:\/\/melanienaturo.fr\/index.php\/wp-json\/wp\/v2\/pages"}],"about":[{"href":"https:\/\/melanienaturo.fr\/index.php\/wp-json\/wp\/v2\/types\/page"}],"author":[{"embeddable":true,"href":"https:\/\/melanienaturo.fr\/index.php\/wp-json\/wp\/v2\/users\/1"}],"replies":[{"embeddable":true,"href":"https:\/\/melanienaturo.fr\/index.php\/wp-json\/wp\/v2\/comments?post=82"}],"version-history":[{"count":7,"href":"https:\/\/melanienaturo.fr\/index.php\/wp-json\/wp\/v2\/pages\/82\/revisions"}],"predecessor-version":[{"id":89,"href":"https:\/\/melanienaturo.fr\/index.php\/wp-json\/wp\/v2\/pages\/82\/revisions\/89"}],"wp:featuredmedia":[{"embeddable":true,"href":"https:\/\/melanienaturo.fr\/index.php\/wp-json\/wp\/v2\/media\/21"}],"wp:attachment":[{"href":"https:\/\/melanienaturo.fr\/index.php\/wp-json\/wp\/v2\/media?parent=82"}],"curies":[{"name":"wp","href":"https:\/\/api.w.org\/{rel}","templated":true}]}}