{"id":70,"date":"2026-02-16T10:32:17","date_gmt":"2026-02-16T09:32:17","guid":{"rendered":"https:\/\/melanienaturo.fr\/?page_id=70"},"modified":"2026-02-16T10:55:54","modified_gmt":"2026-02-16T09:55:54","slug":"les-ateliers-de-naturopathie","status":"publish","type":"page","link":"https:\/\/melanienaturo.fr\/index.php\/les-ateliers-de-naturopathie\/","title":{"rendered":"Les ateliers de naturopathie"},"content":{"rendered":"\t\t<div data-elementor-type=\"wp-page\" data-elementor-id=\"70\" class=\"elementor elementor-70\">\n\t\t\t\t<div class=\"elementor-element elementor-element-f3ccf58 e-con-full e-flex e-con e-parent\" data-id=\"f3ccf58\" data-element_type=\"container\" data-e-type=\"container\">\n\t\t\t\t<div class=\"elementor-element elementor-element-183252a elementor-widget elementor-widget-image\" data-id=\"183252a\" data-element_type=\"widget\" data-e-type=\"widget\" data-widget_type=\"image.default\">\n\t\t\t\t\t\t\t\t\t\t\t\t\t\t\t<img fetchpriority=\"high\" decoding=\"async\" width=\"1920\" height=\"793\" src=\"https:\/\/melanienaturo.fr\/wp-content\/uploads\/2026\/02\/Ateliers-naturopathe.jpg\" class=\"attachment-full size-full wp-image-72\" alt=\"Ateliers Naturopathie Essonne\" srcset=\"https:\/\/melanienaturo.fr\/wp-content\/uploads\/2026\/02\/Ateliers-naturopathe.jpg 1920w, https:\/\/melanienaturo.fr\/wp-content\/uploads\/2026\/02\/Ateliers-naturopathe-300x124.jpg 300w, https:\/\/melanienaturo.fr\/wp-content\/uploads\/2026\/02\/Ateliers-naturopathe-1024x423.jpg 1024w, https:\/\/melanienaturo.fr\/wp-content\/uploads\/2026\/02\/Ateliers-naturopathe-768x317.jpg 768w, https:\/\/melanienaturo.fr\/wp-content\/uploads\/2026\/02\/Ateliers-naturopathe-1536x634.jpg 1536w\" sizes=\"(max-width: 1920px) 100vw, 1920px\" \/>\t\t\t\t\t\t\t\t\t\t\t\t\t\t\t<\/div>\n\t\t\t\t<div class=\"elementor-element elementor-element-c36b401 elementor-widget elementor-widget-spacer\" data-id=\"c36b401\" data-element_type=\"widget\" data-e-type=\"widget\" data-widget_type=\"spacer.default\">\n\t\t\t\t\t\t\t<div class=\"elementor-spacer\">\n\t\t\t<div class=\"elementor-spacer-inner\"><\/div>\n\t\t<\/div>\n\t\t\t\t\t\t<\/div>\n\t\t\t\t<\/div>\n\t\t<div class=\"elementor-element elementor-element-6d5f0e1 e-flex e-con-boxed e-con e-parent\" data-id=\"6d5f0e1\" data-element_type=\"container\" data-e-type=\"container\">\n\t\t\t\t\t<div class=\"e-con-inner\">\n\t\t\t\t<div class=\"elementor-element elementor-element-c7da552 elementor-widget elementor-widget-heading\" data-id=\"c7da552\" data-element_type=\"widget\" data-e-type=\"widget\" data-widget_type=\"heading.default\">\n\t\t\t\t\t<h2 class=\"elementor-heading-title elementor-size-default\">Ateliers de naturopathie en Essonne<\/h2>\t\t\t\t<\/div>\n\t\t\t\t<div class=\"elementor-element elementor-element-eae5feb elementor-widget elementor-widget-text-editor\" data-id=\"eae5feb\" data-element_type=\"widget\" data-e-type=\"widget\" data-widget_type=\"text-editor.default\">\n\t\t\t\t\t\t\t\t\t<p style=\"text-align: center;\"><strong data-start=\"152\" data-end=\"187\">Naturopathe \u00e0 Itteville (91630)<\/strong>, je propose des <strong data-start=\"204\" data-end=\"251\">ateliers de naturopathie pour tous les \u00e2ges<\/strong>, \u00e0 Itteville et dans l\u2019ensemble de l\u2019Essonne.<\/p><p style=\"text-align: center;\">Ces ateliers bien-\u00eatre s\u2019adressent aux enfants, adolescents, adultes et seniors, et sont con\u00e7us comme des temps d\u2019\u00e9change, d\u2019apprentissage et de pr\u00e9vention sant\u00e9.<\/p><p style=\"text-align: center;\">\u00c0 travers des th\u00e9matiques vari\u00e9es telles que l\u2019alimentation naturelle, la gestion du stress, la relaxation, les plantes et les techniques naturelles de bien-\u00eatre, chaque atelier est adapt\u00e9 au public et accessible \u00e0 tous. En Essonne, mes <strong data-start=\"698\" data-end=\"737\">ateliers de naturopathie collectifs<\/strong> peuvent se d\u00e9rouler en structure, en association, en \u00e9cole ou en entreprise, avec une approche p\u00e9dagogique, bienveillante et concr\u00e8te, <span style=\"color: #ad4895;\">favorisant l\u2019autonomie et l\u2019\u00e9quilibre global au quotidien.<\/span><\/p>\t\t\t\t\t\t\t\t<\/div>\n\t\t\t\t<div class=\"elementor-element elementor-element-2127bf5 elementor-widget elementor-widget-spacer\" data-id=\"2127bf5\" data-element_type=\"widget\" data-e-type=\"widget\" data-widget_type=\"spacer.default\">\n\t\t\t\t\t\t\t<div class=\"elementor-spacer\">\n\t\t\t<div class=\"elementor-spacer-inner\"><\/div>\n\t\t<\/div>\n\t\t\t\t\t\t<\/div>\n\t\t\t\t\t<\/div>\n\t\t\t\t<\/div>\n\t\t<div class=\"elementor-element elementor-element-7791ae8 e-flex e-con-boxed e-con e-parent\" data-id=\"7791ae8\" data-element_type=\"container\" data-e-type=\"container\">\n\t\t\t\t\t<div class=\"e-con-inner\">\n\t\t<div class=\"elementor-element elementor-element-27a12f2 e-con-full e-flex e-con e-child\" data-id=\"27a12f2\" data-element_type=\"container\" data-e-type=\"container\">\n\t\t\t\t<div class=\"elementor-element elementor-element-2793197 elementor-invisible elementor-widget elementor-widget-image\" data-id=\"2793197\" data-element_type=\"widget\" data-e-type=\"widget\" data-settings=\"{&quot;_animation&quot;:&quot;fadeInLeft&quot;}\" data-widget_type=\"image.default\">\n\t\t\t\t\t\t\t\t\t\t\t\t\t\t\t<img decoding=\"async\" width=\"600\" height=\"625\" src=\"https:\/\/melanienaturo.fr\/wp-content\/uploads\/2026\/02\/Naturopathe-Adulte.png\" class=\"attachment-large size-large wp-image-25\" alt=\"Ateliers naturopathe 91\" srcset=\"https:\/\/melanienaturo.fr\/wp-content\/uploads\/2026\/02\/Naturopathe-Adulte.png 600w, https:\/\/melanienaturo.fr\/wp-content\/uploads\/2026\/02\/Naturopathe-Adulte-288x300.png 288w\" sizes=\"(max-width: 600px) 100vw, 600px\" \/>\t\t\t\t\t\t\t\t\t\t\t\t\t\t\t<\/div>\n\t\t\t\t<\/div>\n\t\t<div class=\"elementor-element elementor-element-af8d93f e-con-full e-flex elementor-invisible e-con e-child\" data-id=\"af8d93f\" data-element_type=\"container\" data-e-type=\"container\" data-settings=\"{&quot;animation&quot;:&quot;fadeInRight&quot;}\">\n\t\t\t\t<div class=\"elementor-element elementor-element-6c5985a elementor-widget elementor-widget-heading\" data-id=\"6c5985a\" data-element_type=\"widget\" data-e-type=\"widget\" data-widget_type=\"heading.default\">\n\t\t\t\t\t<h2 class=\"elementor-heading-title elementor-size-default\">Des ateliers de naturopathie qui faciliteront votre quotidien<\/h2>\t\t\t\t<\/div>\n\t\t\t\t<div class=\"elementor-element elementor-element-2bb23b5 elementor-widget elementor-widget-text-editor\" data-id=\"2bb23b5\" data-element_type=\"widget\" data-e-type=\"widget\" data-widget_type=\"text-editor.default\">\n\t\t\t\t\t\t\t\t\t<p style=\"text-align: center;\">Participer \u00e0 des <strong data-start=\"178\" data-end=\"240\">ateliers de naturopathie \u00e0 Itteville (91630) et en Essonne<\/strong> permet d\u2019acqu\u00e9rir des outils simples et concrets pour <span style=\"color: #ad4895;\">prendre soin de sa sant\u00e9 au quotidien, quel que soit son \u00e2ge.<\/span><\/p><p style=\"text-align: center;\">Ces ateliers favorisent la pr\u00e9vention, la compr\u00e9hension du fonctionnement du corps et l\u2019adoption de gestes naturels adapt\u00e9s \u00e0 son mode de vie. En groupe, l\u2019apprentissage devient plus vivant et motivant, encourageant les \u00e9changes, le partage d\u2019exp\u00e9riences et le passage \u00e0 l\u2019action.<\/p><p style=\"text-align: center;\">Que ce soit pour am\u00e9liorer son alimentation, mieux g\u00e9rer le stress, renforcer son \u00e9nergie ou accompagner les enfants dans leur bien-\u00eatre, <span style=\"color: #ad4895;\">ces <strong data-start=\"780\" data-end=\"813\">ateliers bien-\u00eatre en Essonne<\/strong> offrent un cadre bienveillant pour d\u00e9velopper autonomie, confiance et \u00e9quilibre sur le long terme.<\/span><\/p>\t\t\t\t\t\t\t\t<\/div>\n\t\t\t\t<div class=\"elementor-element elementor-element-6c4b590 elementor-align-center elementor-widget elementor-widget-button\" data-id=\"6c4b590\" data-element_type=\"widget\" data-e-type=\"widget\" data-widget_type=\"button.default\">\n\t\t\t\t\t\t\t\t\t\t<a class=\"elementor-button elementor-button-link elementor-size-sm elementor-animation-pop\" href=\"https:\/\/melanienaturo.fr\/index.php\/contact-naturopathe-a-itteville-en-essonne\/\">\n\t\t\t\t\t\t<span class=\"elementor-button-content-wrapper\">\n\t\t\t\t\t\t\t\t\t<span class=\"elementor-button-text\">Contact<\/span>\n\t\t\t\t\t<\/span>\n\t\t\t\t\t<\/a>\n\t\t\t\t\t\t\t\t<\/div>\n\t\t\t\t<\/div>\n\t\t\t\t\t<\/div>\n\t\t\t\t<\/div>\n\t\t\t\t<\/div>\n\t\t","protected":false},"excerpt":{"rendered":"<p>Ces ateliers bien-\u00eatre s\u2019adressent aux enfants, adolescents, adultes et seniors, et sont con\u00e7us comme des temps d\u2019\u00e9change, d\u2019apprentissage et de pr\u00e9vention sant\u00e9.<\/p>\n","protected":false},"author":1,"featured_media":72,"parent":0,"menu_order":0,"comment_status":"closed","ping_status":"closed","template":"","meta":{"footnotes":""},"class_list":["post-70","page","type-page","status-publish","has-post-thumbnail","hentry"],"yoast_head":"<!-- This site is optimized with the Yoast SEO plugin v27.3 - https:\/\/yoast.com\/product\/yoast-seo-wordpress\/ -->\n<title>Les ateliers de naturopathie - M\u00e9lanie Druesne Naturopathe<\/title>\n<meta name=\"description\" content=\"Naturopathe, je propose des ateliers de naturopathie, \u00e0 Itteville et dans l\u2019ensemble de l\u2019Essonne. Ces ateliers bien-\u00eatre s\u2019adressent aux enfants, adolescents, adultes et seniors.\" \/>\n<meta name=\"robots\" content=\"index, follow, max-snippet:-1, max-image-preview:large, max-video-preview:-1\" \/>\n<link rel=\"canonical\" href=\"https:\/\/melanienaturo.fr\/index.php\/les-ateliers-de-naturopathie\/\" \/>\n<meta property=\"og:locale\" content=\"fr_FR\" \/>\n<meta property=\"og:type\" content=\"article\" \/>\n<meta property=\"og:title\" content=\"Les ateliers de naturopathie - M\u00e9lanie Druesne Naturopathe\" \/>\n<meta property=\"og:description\" content=\"Naturopathe, je propose des ateliers de naturopathie, \u00e0 Itteville et dans l\u2019ensemble de l\u2019Essonne. Ces ateliers bien-\u00eatre s\u2019adressent aux enfants, adolescents, adultes et seniors.\" \/>\n<meta property=\"og:url\" content=\"https:\/\/melanienaturo.fr\/index.php\/les-ateliers-de-naturopathie\/\" \/>\n<meta property=\"og:site_name\" content=\"M\u00e9lanie Druesne Naturopathe\" \/>\n<meta property=\"article:modified_time\" content=\"2026-02-16T09:55:54+00:00\" \/>\n<meta property=\"og:image\" content=\"https:\/\/melanienaturo.fr\/wp-content\/uploads\/2026\/02\/Ateliers-naturopathe.jpg\" \/>\n\t<meta property=\"og:image:width\" content=\"1920\" \/>\n\t<meta property=\"og:image:height\" content=\"793\" \/>\n\t<meta property=\"og:image:type\" content=\"image\/jpeg\" \/>\n<meta name=\"twitter:card\" content=\"summary_large_image\" \/>\n<meta name=\"twitter:label1\" content=\"Dur\u00e9e de lecture estim\u00e9e\" \/>\n\t<meta name=\"twitter:data1\" content=\"2 minutes\" \/>\n<script type=\"application\/ld+json\" class=\"yoast-schema-graph\">{\"@context\":\"https:\\\/\\\/schema.org\",\"@graph\":[{\"@type\":\"WebPage\",\"@id\":\"https:\\\/\\\/melanienaturo.fr\\\/index.php\\\/les-ateliers-de-naturopathie\\\/\",\"url\":\"https:\\\/\\\/melanienaturo.fr\\\/index.php\\\/les-ateliers-de-naturopathie\\\/\",\"name\":\"Les ateliers de naturopathie - M\u00e9lanie Druesne Naturopathe\",\"isPartOf\":{\"@id\":\"https:\\\/\\\/melanienaturo.fr\\\/#website\"},\"primaryImageOfPage\":{\"@id\":\"https:\\\/\\\/melanienaturo.fr\\\/index.php\\\/les-ateliers-de-naturopathie\\\/#primaryimage\"},\"image\":{\"@id\":\"https:\\\/\\\/melanienaturo.fr\\\/index.php\\\/les-ateliers-de-naturopathie\\\/#primaryimage\"},\"thumbnailUrl\":\"https:\\\/\\\/melanienaturo.fr\\\/wp-content\\\/uploads\\\/2026\\\/02\\\/Ateliers-naturopathe.jpg\",\"datePublished\":\"2026-02-16T09:32:17+00:00\",\"dateModified\":\"2026-02-16T09:55:54+00:00\",\"description\":\"Naturopathe, je propose des ateliers de naturopathie, \u00e0 Itteville et dans l\u2019ensemble de l\u2019Essonne. Ces ateliers bien-\u00eatre s\u2019adressent aux enfants, adolescents, adultes et seniors.\",\"breadcrumb\":{\"@id\":\"https:\\\/\\\/melanienaturo.fr\\\/index.php\\\/les-ateliers-de-naturopathie\\\/#breadcrumb\"},\"inLanguage\":\"fr-FR\",\"potentialAction\":[{\"@type\":\"ReadAction\",\"target\":[\"https:\\\/\\\/melanienaturo.fr\\\/index.php\\\/les-ateliers-de-naturopathie\\\/\"]}]},{\"@type\":\"ImageObject\",\"inLanguage\":\"fr-FR\",\"@id\":\"https:\\\/\\\/melanienaturo.fr\\\/index.php\\\/les-ateliers-de-naturopathie\\\/#primaryimage\",\"url\":\"https:\\\/\\\/melanienaturo.fr\\\/wp-content\\\/uploads\\\/2026\\\/02\\\/Ateliers-naturopathe.jpg\",\"contentUrl\":\"https:\\\/\\\/melanienaturo.fr\\\/wp-content\\\/uploads\\\/2026\\\/02\\\/Ateliers-naturopathe.jpg\",\"width\":1920,\"height\":793,\"caption\":\"Ateliers Naturopathie Essonne\"},{\"@type\":\"BreadcrumbList\",\"@id\":\"https:\\\/\\\/melanienaturo.fr\\\/index.php\\\/les-ateliers-de-naturopathie\\\/#breadcrumb\",\"itemListElement\":[{\"@type\":\"ListItem\",\"position\":1,\"name\":\"Accueil\",\"item\":\"https:\\\/\\\/melanienaturo.fr\\\/\"},{\"@type\":\"ListItem\",\"position\":2,\"name\":\"Les ateliers de naturopathie\"}]},{\"@type\":\"WebSite\",\"@id\":\"https:\\\/\\\/melanienaturo.fr\\\/#website\",\"url\":\"https:\\\/\\\/melanienaturo.fr\\\/\",\"name\":\"M\u00e9lanie Druesne Naturopathe\",\"description\":\"Naturopathie et ateliers en Essonne 91\",\"publisher\":{\"@id\":\"https:\\\/\\\/melanienaturo.fr\\\/#\\\/schema\\\/person\\\/1f9d534f982cf478ce9f8207c5a6e0f9\"},\"potentialAction\":[{\"@type\":\"SearchAction\",\"target\":{\"@type\":\"EntryPoint\",\"urlTemplate\":\"https:\\\/\\\/melanienaturo.fr\\\/?s={search_term_string}\"},\"query-input\":{\"@type\":\"PropertyValueSpecification\",\"valueRequired\":true,\"valueName\":\"search_term_string\"}}],\"inLanguage\":\"fr-FR\"},{\"@type\":[\"Person\",\"Organization\"],\"@id\":\"https:\\\/\\\/melanienaturo.fr\\\/#\\\/schema\\\/person\\\/1f9d534f982cf478ce9f8207c5a6e0f9\",\"name\":\"admin6255\",\"image\":{\"@type\":\"ImageObject\",\"inLanguage\":\"fr-FR\",\"@id\":\"https:\\\/\\\/melanienaturo.fr\\\/wp-content\\\/uploads\\\/2026\\\/02\\\/LogoHEader.jpg\",\"url\":\"https:\\\/\\\/melanienaturo.fr\\\/wp-content\\\/uploads\\\/2026\\\/02\\\/LogoHEader.jpg\",\"contentUrl\":\"https:\\\/\\\/melanienaturo.fr\\\/wp-content\\\/uploads\\\/2026\\\/02\\\/LogoHEader.jpg\",\"width\":324,\"height\":188,\"caption\":\"admin6255\"},\"logo\":{\"@id\":\"https:\\\/\\\/melanienaturo.fr\\\/wp-content\\\/uploads\\\/2026\\\/02\\\/LogoHEader.jpg\"},\"sameAs\":[\"http:\\\/\\\/melanij.cluster027.hosting.ovh.net\"]}]}<\/script>\n<!-- \/ Yoast SEO plugin. -->","yoast_head_json":{"title":"Les ateliers de naturopathie - M\u00e9lanie Druesne Naturopathe","description":"Naturopathe, je propose des ateliers de naturopathie, \u00e0 Itteville et dans l\u2019ensemble de l\u2019Essonne. Ces ateliers bien-\u00eatre s\u2019adressent aux enfants, adolescents, adultes et seniors.","robots":{"index":"index","follow":"follow","max-snippet":"max-snippet:-1","max-image-preview":"max-image-preview:large","max-video-preview":"max-video-preview:-1"},"canonical":"https:\/\/melanienaturo.fr\/index.php\/les-ateliers-de-naturopathie\/","og_locale":"fr_FR","og_type":"article","og_title":"Les ateliers de naturopathie - M\u00e9lanie Druesne Naturopathe","og_description":"Naturopathe, je propose des ateliers de naturopathie, \u00e0 Itteville et dans l\u2019ensemble de l\u2019Essonne. Ces ateliers bien-\u00eatre s\u2019adressent aux enfants, adolescents, adultes et seniors.","og_url":"https:\/\/melanienaturo.fr\/index.php\/les-ateliers-de-naturopathie\/","og_site_name":"M\u00e9lanie Druesne Naturopathe","article_modified_time":"2026-02-16T09:55:54+00:00","og_image":[{"width":1920,"height":793,"url":"https:\/\/melanienaturo.fr\/wp-content\/uploads\/2026\/02\/Ateliers-naturopathe.jpg","type":"image\/jpeg"}],"twitter_card":"summary_large_image","twitter_misc":{"Dur\u00e9e de lecture estim\u00e9e":"2 minutes"},"schema":{"@context":"https:\/\/schema.org","@graph":[{"@type":"WebPage","@id":"https:\/\/melanienaturo.fr\/index.php\/les-ateliers-de-naturopathie\/","url":"https:\/\/melanienaturo.fr\/index.php\/les-ateliers-de-naturopathie\/","name":"Les ateliers de naturopathie - M\u00e9lanie Druesne Naturopathe","isPartOf":{"@id":"https:\/\/melanienaturo.fr\/#website"},"primaryImageOfPage":{"@id":"https:\/\/melanienaturo.fr\/index.php\/les-ateliers-de-naturopathie\/#primaryimage"},"image":{"@id":"https:\/\/melanienaturo.fr\/index.php\/les-ateliers-de-naturopathie\/#primaryimage"},"thumbnailUrl":"https:\/\/melanienaturo.fr\/wp-content\/uploads\/2026\/02\/Ateliers-naturopathe.jpg","datePublished":"2026-02-16T09:32:17+00:00","dateModified":"2026-02-16T09:55:54+00:00","description":"Naturopathe, je propose des ateliers de naturopathie, \u00e0 Itteville et dans l\u2019ensemble de l\u2019Essonne. Ces ateliers bien-\u00eatre s\u2019adressent aux enfants, adolescents, adultes et seniors.","breadcrumb":{"@id":"https:\/\/melanienaturo.fr\/index.php\/les-ateliers-de-naturopathie\/#breadcrumb"},"inLanguage":"fr-FR","potentialAction":[{"@type":"ReadAction","target":["https:\/\/melanienaturo.fr\/index.php\/les-ateliers-de-naturopathie\/"]}]},{"@type":"ImageObject","inLanguage":"fr-FR","@id":"https:\/\/melanienaturo.fr\/index.php\/les-ateliers-de-naturopathie\/#primaryimage","url":"https:\/\/melanienaturo.fr\/wp-content\/uploads\/2026\/02\/Ateliers-naturopathe.jpg","contentUrl":"https:\/\/melanienaturo.fr\/wp-content\/uploads\/2026\/02\/Ateliers-naturopathe.jpg","width":1920,"height":793,"caption":"Ateliers Naturopathie Essonne"},{"@type":"BreadcrumbList","@id":"https:\/\/melanienaturo.fr\/index.php\/les-ateliers-de-naturopathie\/#breadcrumb","itemListElement":[{"@type":"ListItem","position":1,"name":"Accueil","item":"https:\/\/melanienaturo.fr\/"},{"@type":"ListItem","position":2,"name":"Les ateliers de naturopathie"}]},{"@type":"WebSite","@id":"https:\/\/melanienaturo.fr\/#website","url":"https:\/\/melanienaturo.fr\/","name":"M\u00e9lanie Druesne Naturopathe","description":"Naturopathie et ateliers en Essonne 91","publisher":{"@id":"https:\/\/melanienaturo.fr\/#\/schema\/person\/1f9d534f982cf478ce9f8207c5a6e0f9"},"potentialAction":[{"@type":"SearchAction","target":{"@type":"EntryPoint","urlTemplate":"https:\/\/melanienaturo.fr\/?s={search_term_string}"},"query-input":{"@type":"PropertyValueSpecification","valueRequired":true,"valueName":"search_term_string"}}],"inLanguage":"fr-FR"},{"@type":["Person","Organization"],"@id":"https:\/\/melanienaturo.fr\/#\/schema\/person\/1f9d534f982cf478ce9f8207c5a6e0f9","name":"admin6255","image":{"@type":"ImageObject","inLanguage":"fr-FR","@id":"https:\/\/melanienaturo.fr\/wp-content\/uploads\/2026\/02\/LogoHEader.jpg","url":"https:\/\/melanienaturo.fr\/wp-content\/uploads\/2026\/02\/LogoHEader.jpg","contentUrl":"https:\/\/melanienaturo.fr\/wp-content\/uploads\/2026\/02\/LogoHEader.jpg","width":324,"height":188,"caption":"admin6255"},"logo":{"@id":"https:\/\/melanienaturo.fr\/wp-content\/uploads\/2026\/02\/LogoHEader.jpg"},"sameAs":["http:\/\/melanij.cluster027.hosting.ovh.net"]}]}},"_links":{"self":[{"href":"https:\/\/melanienaturo.fr\/index.php\/wp-json\/wp\/v2\/pages\/70","targetHints":{"allow":["GET"]}}],"collection":[{"href":"https:\/\/melanienaturo.fr\/index.php\/wp-json\/wp\/v2\/pages"}],"about":[{"href":"https:\/\/melanienaturo.fr\/index.php\/wp-json\/wp\/v2\/types\/page"}],"author":[{"embeddable":true,"href":"https:\/\/melanienaturo.fr\/index.php\/wp-json\/wp\/v2\/users\/1"}],"replies":[{"embeddable":true,"href":"https:\/\/melanienaturo.fr\/index.php\/wp-json\/wp\/v2\/comments?post=70"}],"version-history":[{"count":13,"href":"https:\/\/melanienaturo.fr\/index.php\/wp-json\/wp\/v2\/pages\/70\/revisions"}],"predecessor-version":[{"id":95,"href":"https:\/\/melanienaturo.fr\/index.php\/wp-json\/wp\/v2\/pages\/70\/revisions\/95"}],"wp:featuredmedia":[{"embeddable":true,"href":"https:\/\/melanienaturo.fr\/index.php\/wp-json\/wp\/v2\/media\/72"}],"wp:attachment":[{"href":"https:\/\/melanienaturo.fr\/index.php\/wp-json\/wp\/v2\/media?parent=70"}],"curies":[{"name":"wp","href":"https:\/\/api.w.org\/{rel}","templated":true}]}}