{"id":56,"date":"2026-02-16T09:49:50","date_gmt":"2026-02-16T08:49:50","guid":{"rendered":"https:\/\/melanij.cluster027.hosting.ovh.net\/?page_id=56"},"modified":"2026-02-16T10:52:25","modified_gmt":"2026-02-16T09:52:25","slug":"les-seances-de-naturopathie","status":"publish","type":"page","link":"https:\/\/melanienaturo.fr\/index.php\/les-seances-de-naturopathie\/","title":{"rendered":"Les s\u00e9ances de naturopathie"},"content":{"rendered":"\t\t<div data-elementor-type=\"wp-page\" data-elementor-id=\"56\" class=\"elementor elementor-56\">\n\t\t\t\t<div class=\"elementor-element elementor-element-b2f91c2 e-con-full e-flex e-con e-parent\" data-id=\"b2f91c2\" data-element_type=\"container\" data-e-type=\"container\" data-settings=\"{&quot;shape_divider_top&quot;:&quot;triangle&quot;}\">\n\t\t\t\t<div class=\"elementor-shape elementor-shape-top\" aria-hidden=\"true\" data-negative=\"false\">\n\t\t\t<svg xmlns=\"http:\/\/www.w3.org\/2000\/svg\" viewBox=\"0 0 1000 100\" preserveAspectRatio=\"none\">\n\t<path class=\"elementor-shape-fill\" d=\"M500,98.9L0,6.1V0h1000v6.1L500,98.9z\"\/>\n<\/svg>\t\t<\/div>\n\t\t\t\t<div class=\"elementor-element elementor-element-62c8590 elementor-widget elementor-widget-image\" data-id=\"62c8590\" data-element_type=\"widget\" data-e-type=\"widget\" data-widget_type=\"image.default\">\n\t\t\t\t\t\t\t\t\t\t\t\t\t\t\t<img fetchpriority=\"high\" decoding=\"async\" width=\"1536\" height=\"647\" src=\"https:\/\/melanienaturo.fr\/wp-content\/uploads\/2026\/02\/NATUROPATHIE-1536x647.jpg\" class=\"attachment-1536x1536 size-1536x1536 wp-image-33\" alt=\"Seances de naturopathie\" srcset=\"https:\/\/melanienaturo.fr\/wp-content\/uploads\/2026\/02\/NATUROPATHIE-1536x647.jpg 1536w, https:\/\/melanienaturo.fr\/wp-content\/uploads\/2026\/02\/NATUROPATHIE-300x126.jpg 300w, https:\/\/melanienaturo.fr\/wp-content\/uploads\/2026\/02\/NATUROPATHIE-1024x431.jpg 1024w, https:\/\/melanienaturo.fr\/wp-content\/uploads\/2026\/02\/NATUROPATHIE-768x323.jpg 768w, https:\/\/melanienaturo.fr\/wp-content\/uploads\/2026\/02\/NATUROPATHIE-2048x862.jpg 2048w\" sizes=\"(max-width: 1536px) 100vw, 1536px\" \/>\t\t\t\t\t\t\t\t\t\t\t\t\t\t\t<\/div>\n\t\t\t\t<div class=\"elementor-element elementor-element-a7671b6 elementor-widget elementor-widget-spacer\" data-id=\"a7671b6\" data-element_type=\"widget\" data-e-type=\"widget\" data-widget_type=\"spacer.default\">\n\t\t\t\t\t\t\t<div class=\"elementor-spacer\">\n\t\t\t<div class=\"elementor-spacer-inner\"><\/div>\n\t\t<\/div>\n\t\t\t\t\t\t<\/div>\n\t\t<div class=\"elementor-element elementor-element-109ede2 e-flex e-con-boxed e-con e-child\" data-id=\"109ede2\" data-element_type=\"container\" data-e-type=\"container\">\n\t\t\t\t\t<div class=\"e-con-inner\">\n\t\t<div class=\"elementor-element elementor-element-ca87a92 e-con-full e-flex e-con e-child\" data-id=\"ca87a92\" data-element_type=\"container\" data-e-type=\"container\" data-settings=\"{&quot;background_background&quot;:&quot;classic&quot;}\">\n\t\t<div class=\"elementor-element elementor-element-eefa24e e-con-full e-flex e-con e-child\" data-id=\"eefa24e\" data-element_type=\"container\" data-e-type=\"container\">\n\t\t\t\t<div class=\"elementor-element elementor-element-60a6918 elementor-invisible elementor-widget elementor-widget-image\" data-id=\"60a6918\" data-element_type=\"widget\" data-e-type=\"widget\" data-settings=\"{&quot;_animation&quot;:&quot;fadeInLeft&quot;}\" data-widget_type=\"image.default\">\n\t\t\t\t\t\t\t\t\t\t\t\t\t\t\t<img decoding=\"async\" width=\"800\" height=\"773\" src=\"https:\/\/melanienaturo.fr\/wp-content\/uploads\/2026\/02\/VITALISME-1024x990.jpg\" class=\"attachment-large size-large wp-image-34\" alt=\"\" srcset=\"https:\/\/melanienaturo.fr\/wp-content\/uploads\/2026\/02\/VITALISME-1024x990.jpg 1024w, https:\/\/melanienaturo.fr\/wp-content\/uploads\/2026\/02\/VITALISME-300x290.jpg 300w, https:\/\/melanienaturo.fr\/wp-content\/uploads\/2026\/02\/VITALISME-768x743.jpg 768w, https:\/\/melanienaturo.fr\/wp-content\/uploads\/2026\/02\/VITALISME-1536x1486.jpg 1536w, https:\/\/melanienaturo.fr\/wp-content\/uploads\/2026\/02\/VITALISME-2048x1981.jpg 2048w\" sizes=\"(max-width: 800px) 100vw, 800px\" \/>\t\t\t\t\t\t\t\t\t\t\t\t\t\t\t<\/div>\n\t\t\t\t<\/div>\n\t\t<div class=\"elementor-element elementor-element-b997cb6 e-con-full e-flex elementor-invisible e-con e-child\" data-id=\"b997cb6\" data-element_type=\"container\" data-e-type=\"container\" data-settings=\"{&quot;animation&quot;:&quot;fadeInRight&quot;}\">\n\t\t\t\t<div class=\"elementor-element elementor-element-c01406d elementor-widget elementor-widget-heading\" data-id=\"c01406d\" data-element_type=\"widget\" data-e-type=\"widget\" data-widget_type=\"heading.default\">\n\t\t\t\t\t<h2 class=\"elementor-heading-title elementor-size-default\">Les bienfaits de la naturopathie<\/h2>\t\t\t\t<\/div>\n\t\t\t\t<div class=\"elementor-element elementor-element-41af9c8 elementor-widget elementor-widget-text-editor\" data-id=\"41af9c8\" data-element_type=\"widget\" data-e-type=\"widget\" data-widget_type=\"text-editor.default\">\n\t\t\t\t\t\t\t\t\t<p style=\"text-align: center;\"><span style=\"color: #ad4895;\"><strong>Il s\u2019agit d\u2019une approche naturelle, holistique, \u00e9ducative et pr\u00e9ventive de la sant\u00e9.<\/strong><\/span>\u00a0La naturopathie vise \u00e0 soutenir, stimuler, renforcer la sant\u00e9 de globale de l\u2019individu, la qualit\u00e9 de vie ainsi que les processus d\u2019auto-gu\u00e9rison \u00e0 l\u2019aide de moyens naturels.<\/p><p style=\"text-align: center;\"><strong>Le r\u00f4le du naturopathe peut s\u2019apparenter \u00e0 un \u00e9ducateur de sant\u00e9<\/strong>\u00a0qui vous accompagne pour maintenir ou retrouver un bon \u00e9tat de sant\u00e9 et de vitalit\u00e9.<br \/>Selon l\u2019Organisation Mondiale de la Sant\u00e9 (O.M.S.),\u00a0\u00ab la naturopathie est un ensemble de m\u00e9thodes de soins visant \u00e0 renforcer les d\u00e9fenses de l\u2019organisme par des moyens consid\u00e9r\u00e9s comme naturels et biologiques \u00bb<\/p>\t\t\t\t\t\t\t\t<\/div>\n\t\t\t\t<\/div>\n\t\t\t\t<\/div>\n\t\t\t\t\t<\/div>\n\t\t\t\t<\/div>\n\t\t\t\t<div class=\"elementor-element elementor-element-b0d5294 elementor-widget elementor-widget-heading\" data-id=\"b0d5294\" data-element_type=\"widget\" data-e-type=\"widget\" data-widget_type=\"heading.default\">\n\t\t\t\t\t<h2 class=\"elementor-heading-title elementor-size-default\">Consultations et naturopathie<\/h2>\t\t\t\t<\/div>\n\t\t\t\t<div class=\"elementor-element elementor-element-97463ed elementor-widget elementor-widget-text-editor\" data-id=\"97463ed\" data-element_type=\"widget\" data-e-type=\"widget\" data-widget_type=\"text-editor.default\">\n\t\t\t\t\t\t\t\t\t<p style=\"text-align: center;\"><span style=\"color: #ad4895;\"><strong>Il est possible de venir consulter votre naturopathe pour :<\/strong><\/span><\/p><p style=\"text-align: center;\">Conserver et optimiser la sant\u00e9 de fa\u00e7on durable,<br \/>Am\u00e9liorer votre immunit\u00e9,<br \/>\u00c9quilibrer votre alimentation,<br \/>\u00catre dans une d\u00e9marche de pr\u00e9vention,<br \/>Ressentir un mieux-\u00eatre physique et psychique.<\/p><p style=\"text-align: center;\"><span style=\"color: #ad4895;\"><strong>En cas de troubles fonctionnels tels que :<\/strong><\/span><br \/>l\u2019anxi\u00e9t\u00e9,<br \/>les troubles digestifs,<br \/>troubles du sommeil,<br \/>le stress,<br \/>des troubles articulaire,<br \/>hormonaux,<br \/>cutan\u00e9s\u2026<\/p><p style=\"text-align: center;\">Ou encore lorsque vous \u00eates malades pour accompagner les effets secondaires de votre traitement m\u00e9dical (en accord avec votre m\u00e9decin), soulager les douleurs chroniques, vous accompagner dans les p\u00e9riodes difficiles de votre vie.<br \/><span style=\"color: #68a5bc;\"><strong>Tous les \u00e2ges peuvent \u00eatre concern\u00e9s par la naturopathie !<\/strong><\/span><\/p>\t\t\t\t\t\t\t\t<\/div>\n\t\t\t\t<div class=\"elementor-element elementor-element-bdfe342 elementor-align-center elementor-widget elementor-widget-button\" data-id=\"bdfe342\" data-element_type=\"widget\" data-e-type=\"widget\" data-widget_type=\"button.default\">\n\t\t\t\t\t\t\t\t\t\t<a class=\"elementor-button elementor-button-link elementor-size-sm elementor-animation-pop\" href=\"https:\/\/melanienaturo.fr\/index.php\/contact-naturopathe-a-itteville-en-essonne\/\">\n\t\t\t\t\t\t<span class=\"elementor-button-content-wrapper\">\n\t\t\t\t\t\t\t\t\t<span class=\"elementor-button-text\">Contact<\/span>\n\t\t\t\t\t<\/span>\n\t\t\t\t\t<\/a>\n\t\t\t\t\t\t\t\t<\/div>\n\t\t\t\t<div class=\"elementor-element elementor-element-fd5ba99 elementor-widget elementor-widget-spacer\" data-id=\"fd5ba99\" data-element_type=\"widget\" data-e-type=\"widget\" data-widget_type=\"spacer.default\">\n\t\t\t\t\t\t\t<div class=\"elementor-spacer\">\n\t\t\t<div class=\"elementor-spacer-inner\"><\/div>\n\t\t<\/div>\n\t\t\t\t\t\t<\/div>\n\t\t\t\t<\/div>\n\t\t<div class=\"elementor-element elementor-element-efb7144 e-con-full e-flex e-con e-parent\" data-id=\"efb7144\" data-element_type=\"container\" data-e-type=\"container\">\n\t\t\t\t<div class=\"elementor-element elementor-element-71c6d5c elementor-widget-divider--separator-type-pattern elementor-widget-divider--view-line elementor-widget elementor-widget-divider\" data-id=\"71c6d5c\" data-element_type=\"widget\" data-e-type=\"widget\" data-widget_type=\"divider.default\">\n\t\t\t\t\t\t\t<div class=\"elementor-divider\" style=\"--divider-pattern-url: url(&quot;data:image\/svg+xml,%3Csvg xmlns=&#039;http:\/\/www.w3.org\/2000\/svg&#039; preserveAspectRatio=&#039;none&#039; overflow=&#039;visible&#039; height=&#039;100%&#039; viewBox=&#039;0 0 24 24&#039; fill=&#039;none&#039; stroke=&#039;black&#039; stroke-width=&#039;1&#039; stroke-linecap=&#039;square&#039; stroke-miterlimit=&#039;10&#039;%3E%3Cpath d=&#039;M0,21c3.3,0,8.3-0.9,15.7-7.1c6.6-5.4,4.4-9.3,2.4-10.3c-3.4-1.8-7.7,1.3-7.3,8.8C11.2,20,17.1,21,24,21&#039;\/%3E%3C\/svg%3E&quot;);\">\n\t\t\t<span class=\"elementor-divider-separator\">\n\t\t\t\t\t\t<\/span>\n\t\t<\/div>\n\t\t\t\t\t\t<\/div>\n\t\t\t\t<div class=\"elementor-element elementor-element-b83e87e elementor-widget elementor-widget-spacer\" data-id=\"b83e87e\" data-element_type=\"widget\" data-e-type=\"widget\" data-widget_type=\"spacer.default\">\n\t\t\t\t\t\t\t<div class=\"elementor-spacer\">\n\t\t\t<div class=\"elementor-spacer-inner\"><\/div>\n\t\t<\/div>\n\t\t\t\t\t\t<\/div>\n\t\t\t\t<\/div>\n\t\t<div class=\"elementor-element elementor-element-b63dac3 e-flex e-con-boxed e-con e-parent\" data-id=\"b63dac3\" data-element_type=\"container\" data-e-type=\"container\" data-settings=\"{&quot;background_background&quot;:&quot;classic&quot;}\">\n\t\t\t\t\t<div class=\"e-con-inner\">\n\t\t<div class=\"elementor-element elementor-element-85cd9ce e-con-full e-flex elementor-invisible e-con e-child\" data-id=\"85cd9ce\" data-element_type=\"container\" data-e-type=\"container\" data-settings=\"{&quot;animation&quot;:&quot;fadeInLeft&quot;}\">\n\t\t\t\t<div class=\"elementor-element elementor-element-042affb elementor-widget elementor-widget-image\" data-id=\"042affb\" data-element_type=\"widget\" data-e-type=\"widget\" data-widget_type=\"image.default\">\n\t\t\t\t\t\t\t\t\t\t\t\t\t\t\t<img decoding=\"async\" width=\"800\" height=\"773\" src=\"https:\/\/melanienaturo.fr\/wp-content\/uploads\/2026\/02\/CAUSALISME-1024x990.jpg\" class=\"attachment-large size-large wp-image-29\" alt=\"Pratique Naturopathe\" srcset=\"https:\/\/melanienaturo.fr\/wp-content\/uploads\/2026\/02\/CAUSALISME-1024x990.jpg 1024w, https:\/\/melanienaturo.fr\/wp-content\/uploads\/2026\/02\/CAUSALISME-300x290.jpg 300w, https:\/\/melanienaturo.fr\/wp-content\/uploads\/2026\/02\/CAUSALISME-768x743.jpg 768w, https:\/\/melanienaturo.fr\/wp-content\/uploads\/2026\/02\/CAUSALISME-1536x1486.jpg 1536w, https:\/\/melanienaturo.fr\/wp-content\/uploads\/2026\/02\/CAUSALISME-2048x1981.jpg 2048w\" sizes=\"(max-width: 800px) 100vw, 800px\" \/>\t\t\t\t\t\t\t\t\t\t\t\t\t\t\t<\/div>\n\t\t\t\t<\/div>\n\t\t<div class=\"elementor-element elementor-element-c895eb5 e-con-full e-flex elementor-invisible e-con e-child\" data-id=\"c895eb5\" data-element_type=\"container\" data-e-type=\"container\" data-settings=\"{&quot;animation&quot;:&quot;fadeInRight&quot;}\">\n\t\t\t\t<div class=\"elementor-element elementor-element-3f1092d elementor-widget elementor-widget-heading\" data-id=\"3f1092d\" data-element_type=\"widget\" data-e-type=\"widget\" data-widget_type=\"heading.default\">\n\t\t\t\t\t<h2 class=\"elementor-heading-title elementor-size-default\">Le r\u00f4le de la naturopathe<\/h2>\t\t\t\t<\/div>\n\t\t\t\t<div class=\"elementor-element elementor-element-40fbe76 elementor-widget elementor-widget-text-editor\" data-id=\"40fbe76\" data-element_type=\"widget\" data-e-type=\"widget\" data-widget_type=\"text-editor.default\">\n\t\t\t\t\t\t\t\t\t<p style=\"text-align: center;\"><strong>La Naturopathe, en tant que praticienne de sant\u00e9 au naturel,\u00a0travaille en harmonie et en synergie\u00a0<\/strong><strong>avec le monde m\u00e9dical et param\u00e9dical.<\/strong><\/p><p style=\"text-align: center;\">La l\u00e9gislation fran\u00e7aise attribue au seul docteur en m\u00e9decine le droit de poser un diagnostic, de traiter des sympt\u00f4mes et les maladies par l\u2019emploi de m\u00e9dicaments pharmaceutiques.<\/p><p style=\"text-align: center;\"><span style=\"color: #ad4895;\"><strong>Seul un m\u00e9decin est habilit\u00e9 \u00e0 changer ou \u00e0 supprimer votre traitement m\u00e9dical.<\/strong><\/span><\/p>\t\t\t\t\t\t\t\t<\/div>\n\t\t\t\t<\/div>\n\t\t\t\t\t<\/div>\n\t\t\t\t<\/div>\n\t\t\t\t<\/div>\n\t\t","protected":false},"excerpt":{"rendered":"<p>La naturopathie vise \u00e0 soutenir, stimuler, renforcer la sant\u00e9 de globale de l\u2019individu, la qualit\u00e9 de vie ainsi que les processus d\u2019auto-gu\u00e9rison \u00e0 l\u2019aide de moyens naturels.<\/p>\n","protected":false},"author":1,"featured_media":33,"parent":0,"menu_order":0,"comment_status":"closed","ping_status":"closed","template":"","meta":{"footnotes":""},"class_list":["post-56","page","type-page","status-publish","has-post-thumbnail","hentry"],"yoast_head":"<!-- This site is optimized with the Yoast SEO plugin v27.3 - https:\/\/yoast.com\/product\/yoast-seo-wordpress\/ -->\n<title>Les s\u00e9ances de naturopathie - M\u00e9lanie Druesne Naturopathe<\/title>\n<meta name=\"description\" content=\"Des s\u00e9ances avec une naturopathe qui vous accompagne pour maintenir ou retrouver un bon \u00e9tat de sant\u00e9 et de vitalit\u00e9.\" \/>\n<meta name=\"robots\" content=\"index, follow, max-snippet:-1, max-image-preview:large, max-video-preview:-1\" \/>\n<link rel=\"canonical\" href=\"https:\/\/melanienaturo.fr\/index.php\/les-seances-de-naturopathie\/\" \/>\n<meta property=\"og:locale\" content=\"fr_FR\" \/>\n<meta property=\"og:type\" content=\"article\" \/>\n<meta property=\"og:title\" content=\"Les s\u00e9ances de naturopathie - M\u00e9lanie Druesne Naturopathe\" \/>\n<meta property=\"og:description\" content=\"Des s\u00e9ances avec une naturopathe qui vous accompagne pour maintenir ou retrouver un bon \u00e9tat de sant\u00e9 et de vitalit\u00e9.\" \/>\n<meta property=\"og:url\" content=\"https:\/\/melanienaturo.fr\/index.php\/les-seances-de-naturopathie\/\" \/>\n<meta property=\"og:site_name\" content=\"M\u00e9lanie Druesne Naturopathe\" \/>\n<meta property=\"article:modified_time\" content=\"2026-02-16T09:52:25+00:00\" \/>\n<meta property=\"og:image\" content=\"https:\/\/melanienaturo.fr\/wp-content\/uploads\/2026\/02\/NATUROPATHIE-scaled.jpg\" \/>\n\t<meta property=\"og:image:width\" content=\"2560\" \/>\n\t<meta property=\"og:image:height\" content=\"1078\" \/>\n\t<meta property=\"og:image:type\" content=\"image\/jpeg\" \/>\n<meta name=\"twitter:card\" content=\"summary_large_image\" \/>\n<meta name=\"twitter:label1\" content=\"Dur\u00e9e de lecture estim\u00e9e\" \/>\n\t<meta name=\"twitter:data1\" content=\"3 minutes\" \/>\n<script type=\"application\/ld+json\" class=\"yoast-schema-graph\">{\"@context\":\"https:\\\/\\\/schema.org\",\"@graph\":[{\"@type\":\"WebPage\",\"@id\":\"https:\\\/\\\/melanienaturo.fr\\\/index.php\\\/les-seances-de-naturopathie\\\/\",\"url\":\"https:\\\/\\\/melanienaturo.fr\\\/index.php\\\/les-seances-de-naturopathie\\\/\",\"name\":\"Les s\u00e9ances de naturopathie - M\u00e9lanie Druesne Naturopathe\",\"isPartOf\":{\"@id\":\"https:\\\/\\\/melanienaturo.fr\\\/#website\"},\"primaryImageOfPage\":{\"@id\":\"https:\\\/\\\/melanienaturo.fr\\\/index.php\\\/les-seances-de-naturopathie\\\/#primaryimage\"},\"image\":{\"@id\":\"https:\\\/\\\/melanienaturo.fr\\\/index.php\\\/les-seances-de-naturopathie\\\/#primaryimage\"},\"thumbnailUrl\":\"https:\\\/\\\/melanienaturo.fr\\\/wp-content\\\/uploads\\\/2026\\\/02\\\/NATUROPATHIE-scaled.jpg\",\"datePublished\":\"2026-02-16T08:49:50+00:00\",\"dateModified\":\"2026-02-16T09:52:25+00:00\",\"description\":\"Des s\u00e9ances avec une naturopathe qui vous accompagne pour maintenir ou retrouver un bon \u00e9tat de sant\u00e9 et de vitalit\u00e9.\",\"breadcrumb\":{\"@id\":\"https:\\\/\\\/melanienaturo.fr\\\/index.php\\\/les-seances-de-naturopathie\\\/#breadcrumb\"},\"inLanguage\":\"fr-FR\",\"potentialAction\":[{\"@type\":\"ReadAction\",\"target\":[\"https:\\\/\\\/melanienaturo.fr\\\/index.php\\\/les-seances-de-naturopathie\\\/\"]}]},{\"@type\":\"ImageObject\",\"inLanguage\":\"fr-FR\",\"@id\":\"https:\\\/\\\/melanienaturo.fr\\\/index.php\\\/les-seances-de-naturopathie\\\/#primaryimage\",\"url\":\"https:\\\/\\\/melanienaturo.fr\\\/wp-content\\\/uploads\\\/2026\\\/02\\\/NATUROPATHIE-scaled.jpg\",\"contentUrl\":\"https:\\\/\\\/melanienaturo.fr\\\/wp-content\\\/uploads\\\/2026\\\/02\\\/NATUROPATHIE-scaled.jpg\",\"width\":2560,\"height\":1078,\"caption\":\"Seances de naturopathie\"},{\"@type\":\"BreadcrumbList\",\"@id\":\"https:\\\/\\\/melanienaturo.fr\\\/index.php\\\/les-seances-de-naturopathie\\\/#breadcrumb\",\"itemListElement\":[{\"@type\":\"ListItem\",\"position\":1,\"name\":\"Accueil\",\"item\":\"https:\\\/\\\/melanienaturo.fr\\\/\"},{\"@type\":\"ListItem\",\"position\":2,\"name\":\"Les s\u00e9ances de naturopathie\"}]},{\"@type\":\"WebSite\",\"@id\":\"https:\\\/\\\/melanienaturo.fr\\\/#website\",\"url\":\"https:\\\/\\\/melanienaturo.fr\\\/\",\"name\":\"M\u00e9lanie Druesne Naturopathe\",\"description\":\"Naturopathie et ateliers en Essonne 91\",\"publisher\":{\"@id\":\"https:\\\/\\\/melanienaturo.fr\\\/#\\\/schema\\\/person\\\/1f9d534f982cf478ce9f8207c5a6e0f9\"},\"potentialAction\":[{\"@type\":\"SearchAction\",\"target\":{\"@type\":\"EntryPoint\",\"urlTemplate\":\"https:\\\/\\\/melanienaturo.fr\\\/?s={search_term_string}\"},\"query-input\":{\"@type\":\"PropertyValueSpecification\",\"valueRequired\":true,\"valueName\":\"search_term_string\"}}],\"inLanguage\":\"fr-FR\"},{\"@type\":[\"Person\",\"Organization\"],\"@id\":\"https:\\\/\\\/melanienaturo.fr\\\/#\\\/schema\\\/person\\\/1f9d534f982cf478ce9f8207c5a6e0f9\",\"name\":\"admin6255\",\"image\":{\"@type\":\"ImageObject\",\"inLanguage\":\"fr-FR\",\"@id\":\"https:\\\/\\\/melanienaturo.fr\\\/wp-content\\\/uploads\\\/2026\\\/02\\\/LogoHEader.jpg\",\"url\":\"https:\\\/\\\/melanienaturo.fr\\\/wp-content\\\/uploads\\\/2026\\\/02\\\/LogoHEader.jpg\",\"contentUrl\":\"https:\\\/\\\/melanienaturo.fr\\\/wp-content\\\/uploads\\\/2026\\\/02\\\/LogoHEader.jpg\",\"width\":324,\"height\":188,\"caption\":\"admin6255\"},\"logo\":{\"@id\":\"https:\\\/\\\/melanienaturo.fr\\\/wp-content\\\/uploads\\\/2026\\\/02\\\/LogoHEader.jpg\"},\"sameAs\":[\"http:\\\/\\\/melanij.cluster027.hosting.ovh.net\"]}]}<\/script>\n<!-- \/ Yoast SEO plugin. -->","yoast_head_json":{"title":"Les s\u00e9ances de naturopathie - M\u00e9lanie Druesne Naturopathe","description":"Des s\u00e9ances avec une naturopathe qui vous accompagne pour maintenir ou retrouver un bon \u00e9tat de sant\u00e9 et de vitalit\u00e9.","robots":{"index":"index","follow":"follow","max-snippet":"max-snippet:-1","max-image-preview":"max-image-preview:large","max-video-preview":"max-video-preview:-1"},"canonical":"https:\/\/melanienaturo.fr\/index.php\/les-seances-de-naturopathie\/","og_locale":"fr_FR","og_type":"article","og_title":"Les s\u00e9ances de naturopathie - M\u00e9lanie Druesne Naturopathe","og_description":"Des s\u00e9ances avec une naturopathe qui vous accompagne pour maintenir ou retrouver un bon \u00e9tat de sant\u00e9 et de vitalit\u00e9.","og_url":"https:\/\/melanienaturo.fr\/index.php\/les-seances-de-naturopathie\/","og_site_name":"M\u00e9lanie Druesne Naturopathe","article_modified_time":"2026-02-16T09:52:25+00:00","og_image":[{"width":2560,"height":1078,"url":"https:\/\/melanienaturo.fr\/wp-content\/uploads\/2026\/02\/NATUROPATHIE-scaled.jpg","type":"image\/jpeg"}],"twitter_card":"summary_large_image","twitter_misc":{"Dur\u00e9e de lecture estim\u00e9e":"3 minutes"},"schema":{"@context":"https:\/\/schema.org","@graph":[{"@type":"WebPage","@id":"https:\/\/melanienaturo.fr\/index.php\/les-seances-de-naturopathie\/","url":"https:\/\/melanienaturo.fr\/index.php\/les-seances-de-naturopathie\/","name":"Les s\u00e9ances de naturopathie - M\u00e9lanie Druesne Naturopathe","isPartOf":{"@id":"https:\/\/melanienaturo.fr\/#website"},"primaryImageOfPage":{"@id":"https:\/\/melanienaturo.fr\/index.php\/les-seances-de-naturopathie\/#primaryimage"},"image":{"@id":"https:\/\/melanienaturo.fr\/index.php\/les-seances-de-naturopathie\/#primaryimage"},"thumbnailUrl":"https:\/\/melanienaturo.fr\/wp-content\/uploads\/2026\/02\/NATUROPATHIE-scaled.jpg","datePublished":"2026-02-16T08:49:50+00:00","dateModified":"2026-02-16T09:52:25+00:00","description":"Des s\u00e9ances avec une naturopathe qui vous accompagne pour maintenir ou retrouver un bon \u00e9tat de sant\u00e9 et de vitalit\u00e9.","breadcrumb":{"@id":"https:\/\/melanienaturo.fr\/index.php\/les-seances-de-naturopathie\/#breadcrumb"},"inLanguage":"fr-FR","potentialAction":[{"@type":"ReadAction","target":["https:\/\/melanienaturo.fr\/index.php\/les-seances-de-naturopathie\/"]}]},{"@type":"ImageObject","inLanguage":"fr-FR","@id":"https:\/\/melanienaturo.fr\/index.php\/les-seances-de-naturopathie\/#primaryimage","url":"https:\/\/melanienaturo.fr\/wp-content\/uploads\/2026\/02\/NATUROPATHIE-scaled.jpg","contentUrl":"https:\/\/melanienaturo.fr\/wp-content\/uploads\/2026\/02\/NATUROPATHIE-scaled.jpg","width":2560,"height":1078,"caption":"Seances de naturopathie"},{"@type":"BreadcrumbList","@id":"https:\/\/melanienaturo.fr\/index.php\/les-seances-de-naturopathie\/#breadcrumb","itemListElement":[{"@type":"ListItem","position":1,"name":"Accueil","item":"https:\/\/melanienaturo.fr\/"},{"@type":"ListItem","position":2,"name":"Les s\u00e9ances de naturopathie"}]},{"@type":"WebSite","@id":"https:\/\/melanienaturo.fr\/#website","url":"https:\/\/melanienaturo.fr\/","name":"M\u00e9lanie Druesne Naturopathe","description":"Naturopathie et ateliers en Essonne 91","publisher":{"@id":"https:\/\/melanienaturo.fr\/#\/schema\/person\/1f9d534f982cf478ce9f8207c5a6e0f9"},"potentialAction":[{"@type":"SearchAction","target":{"@type":"EntryPoint","urlTemplate":"https:\/\/melanienaturo.fr\/?s={search_term_string}"},"query-input":{"@type":"PropertyValueSpecification","valueRequired":true,"valueName":"search_term_string"}}],"inLanguage":"fr-FR"},{"@type":["Person","Organization"],"@id":"https:\/\/melanienaturo.fr\/#\/schema\/person\/1f9d534f982cf478ce9f8207c5a6e0f9","name":"admin6255","image":{"@type":"ImageObject","inLanguage":"fr-FR","@id":"https:\/\/melanienaturo.fr\/wp-content\/uploads\/2026\/02\/LogoHEader.jpg","url":"https:\/\/melanienaturo.fr\/wp-content\/uploads\/2026\/02\/LogoHEader.jpg","contentUrl":"https:\/\/melanienaturo.fr\/wp-content\/uploads\/2026\/02\/LogoHEader.jpg","width":324,"height":188,"caption":"admin6255"},"logo":{"@id":"https:\/\/melanienaturo.fr\/wp-content\/uploads\/2026\/02\/LogoHEader.jpg"},"sameAs":["http:\/\/melanij.cluster027.hosting.ovh.net"]}]}},"_links":{"self":[{"href":"https:\/\/melanienaturo.fr\/index.php\/wp-json\/wp\/v2\/pages\/56","targetHints":{"allow":["GET"]}}],"collection":[{"href":"https:\/\/melanienaturo.fr\/index.php\/wp-json\/wp\/v2\/pages"}],"about":[{"href":"https:\/\/melanienaturo.fr\/index.php\/wp-json\/wp\/v2\/types\/page"}],"author":[{"embeddable":true,"href":"https:\/\/melanienaturo.fr\/index.php\/wp-json\/wp\/v2\/users\/1"}],"replies":[{"embeddable":true,"href":"https:\/\/melanienaturo.fr\/index.php\/wp-json\/wp\/v2\/comments?post=56"}],"version-history":[{"count":16,"href":"https:\/\/melanienaturo.fr\/index.php\/wp-json\/wp\/v2\/pages\/56\/revisions"}],"predecessor-version":[{"id":98,"href":"https:\/\/melanienaturo.fr\/index.php\/wp-json\/wp\/v2\/pages\/56\/revisions\/98"}],"wp:featuredmedia":[{"embeddable":true,"href":"https:\/\/melanienaturo.fr\/index.php\/wp-json\/wp\/v2\/media\/33"}],"wp:attachment":[{"href":"https:\/\/melanienaturo.fr\/index.php\/wp-json\/wp\/v2\/media?parent=56"}],"curies":[{"name":"wp","href":"https:\/\/api.w.org\/{rel}","templated":true}]}}