{"id":120,"date":"2026-04-12T15:58:42","date_gmt":"2026-04-12T13:58:42","guid":{"rendered":"https:\/\/melanienaturo.fr\/?page_id=120"},"modified":"2026-04-12T15:58:43","modified_gmt":"2026-04-12T13:58:43","slug":"les-prestations","status":"publish","type":"page","link":"https:\/\/melanienaturo.fr\/index.php\/les-prestations\/","title":{"rendered":"Les prestations"},"content":{"rendered":"\n<ul class=\"wp-block-list\">\n<li><em><strong>R\u00e9flexologie plantaire adulte (1h) &#8211; 55 \u20ac :<\/strong><\/em> Apr\u00e8s une prise de contact et \u00e9valuation des attentes de la s\u00e9ance, le massage se d\u00e9roule durant 45 minutes.                                                                                                                  <\/li>\n<\/ul>\n\n\n\n<ul class=\"wp-block-list\">\n<li><strong><em>R\u00e9flexologie plantaire 6-14 ans (30-45 min) &#8211; 40 \u20ac <\/em><\/strong>: Apr\u00e8s une prise de contact et \u00e9valuation des attentes de la s\u00e9ance, le massage se d\u00e9roule durant environ 30 minutes en fonction de l&rsquo;\u00e2ge de l&rsquo;enfant.<\/li>\n<\/ul>\n\n\n\n<ul class=\"wp-block-list\">\n<li><strong><em>R\u00e9flexologie plantaire 0-5 ans (15 \u00e0 25 minutes) &#8211; 30 \u20ac <\/em><\/strong>: Apr\u00e8s une prise de contact et \u00e9valuation des attentes de la s\u00e9ance, le massage se d\u00e9roule durant environ 15 minutes en fonction de l&rsquo;\u00e2ge de l&rsquo;enfant.<\/li>\n<\/ul>\n\n\n\n<ul class=\"wp-block-list\">\n<li><strong><em>Drainage lymphatique du corps m\u00e9thode br\u00e9silienne (1h15)  &#8211; 100 \u20ac<\/em><\/strong> : Apr\u00e8s une prise de contact et v\u00e9rification des contre-indications, le massage se d\u00e9roule durant 1h.<\/li>\n<\/ul>\n\n\n\n<ul class=\"wp-block-list\">\n<li><strong><em>Cure de 5 s\u00e9ances de drainage lymphatique du corps &#8211; 415 \u20ac<\/em><\/strong><\/li>\n<\/ul>\n\n\n\n<ul class=\"wp-block-list\">\n<li><strong><em>Drainage lymphatique du visage selon le protocole \u00ab\u00a0Miracle face\u00a0\u00bb (45 min) &#8211; 60 \u20ac <\/em><\/strong>: Apr\u00e8s installation, le drainage et remodelage du visage dure 30 minutes.<\/li>\n<\/ul>\n\n\n\n<ul class=\"wp-block-list\">\n<li><strong><em>Drainage lymphatique corps et visage (1h45) &#8211; 150 \u20ac <\/em><\/strong>: Apr\u00e8s v\u00e9rification des contre-indications et installation, le drainage dure 1h30.<\/li>\n<\/ul>\n\n\n\n<ul class=\"wp-block-list\">\n<li><strong><em>1ere S\u00e9ance de naturopathie adulte (1h30) &#8211; 70 \u20ac <\/em><\/strong>: Cette premi\u00e8re s\u00e9ance \u00e0 pour but d&rsquo;\u00e9valuer votre \u00e9nergie vitale gr\u00e2ce \u00e0 nos \u00e9changes et d\u00e9finir vos objectifs de la s\u00e9ance afin de pouvoir d\u00e9buter la mise en place de conseils pour am\u00e9liorer votre hygi\u00e8ne de vie et trouver les pistes de l&rsquo;origine des sympt\u00f4mes qui vous ont fait consulter.<\/li>\n<\/ul>\n\n\n\n<ul class=\"wp-block-list\">\n<li><strong><em>S\u00e9ance de suivi de naturopathie (1h) &#8211; 60 \u20ac <\/em><\/strong>: Cette s\u00e9ance \u00e0 pour but d&rsquo;\u00e9valuer les changements survenus suite \u00e0 la mise en place des conseils de la s\u00e9ance pr\u00e9c\u00e9dente et r\u00e9 \u00e9valuer les changements \u00e0 effectuer. Nous verrons \u00e9galement les freins qui ont pu se pr\u00e9senter \u00e0 la mise en place des conseils et comment activer les leviers pour y faire face.<\/li>\n<\/ul>\n\n\n\n<ul class=\"wp-block-list\">\n<li><strong><em>Pack de 3 s\u00e9ances de naturopathie &#8211; 175 \u20ac<\/em><\/strong><\/li>\n<\/ul>\n\n\n\n<ul class=\"wp-block-list\">\n<li><strong><em>1ere consultation de naturopathie enfant (- de 15 ans) (1h15) &#8211; 65 \u20ac <\/em><\/strong>: Cette premi\u00e8re s\u00e9ance \u00e0 pour but d&rsquo;\u00e9valuer l&rsquo;\u00e9nergie vitale de l&rsquo;enfant, d&rsquo;\u00e9changer avec lui et son (ses) parent(s) de leurs attente(s) et explorer les diff\u00e9rentes pistes afin de pouvoir mettre en place les conseils personnalis\u00e9s.<\/li>\n<\/ul>\n\n\n\n<ul class=\"wp-block-list\">\n<li><strong><em>Consultation de suivi de naturopathie enfant (1h) &#8211; 55 \u20ac<\/em><\/strong> : Cette s\u00e9ance \u00e0 pour but d&rsquo;\u00e9valuer les changements survenus suite \u00e0 la mise en place des conseils de la s\u00e9ance pr\u00e9c\u00e9dente et r\u00e9 \u00e9valuer les changements \u00e0 effectuer. Nous verrons \u00e9galement les freins qui ont pu se pr\u00e9senter \u00e0 la mise en place des conseils et comment activer les leviers pour y faire face.<\/li>\n<\/ul>\n\n\n\n<figure class=\"wp-block-image alignwide size-large\"><img fetchpriority=\"high\" decoding=\"async\" width=\"635\" height=\"1024\" src=\"https:\/\/melanienaturo.fr\/wp-content\/uploads\/2026\/04\/pexels-lilartsy-2838506-635x1024.jpg\" alt=\"\" class=\"wp-image-121\" srcset=\"https:\/\/melanienaturo.fr\/wp-content\/uploads\/2026\/04\/pexels-lilartsy-2838506-635x1024.jpg 635w, https:\/\/melanienaturo.fr\/wp-content\/uploads\/2026\/04\/pexels-lilartsy-2838506-186x300.jpg 186w, https:\/\/melanienaturo.fr\/wp-content\/uploads\/2026\/04\/pexels-lilartsy-2838506-768x1238.jpg 768w, https:\/\/melanienaturo.fr\/wp-content\/uploads\/2026\/04\/pexels-lilartsy-2838506-953x1536.jpg 953w, https:\/\/melanienaturo.fr\/wp-content\/uploads\/2026\/04\/pexels-lilartsy-2838506-1271x2048.jpg 1271w, https:\/\/melanienaturo.fr\/wp-content\/uploads\/2026\/04\/pexels-lilartsy-2838506-scaled.jpg 1588w\" sizes=\"(max-width: 635px) 100vw, 635px\" \/><\/figure>\n","protected":false},"excerpt":{"rendered":"","protected":false},"author":1,"featured_media":0,"parent":0,"menu_order":0,"comment_status":"closed","ping_status":"closed","template":"","meta":{"footnotes":""},"class_list":["post-120","page","type-page","status-publish","hentry"],"yoast_head":"<!-- This site is optimized with the Yoast SEO plugin v27.3 - https:\/\/yoast.com\/product\/yoast-seo-wordpress\/ -->\n<title>Les prestations - M\u00e9lanie Druesne Naturopathe<\/title>\n<meta name=\"robots\" content=\"index, follow, max-snippet:-1, max-image-preview:large, max-video-preview:-1\" \/>\n<link rel=\"canonical\" href=\"https:\/\/melanienaturo.fr\/index.php\/les-prestations\/\" \/>\n<meta property=\"og:locale\" content=\"fr_FR\" \/>\n<meta property=\"og:type\" content=\"article\" \/>\n<meta property=\"og:title\" content=\"Les prestations - M\u00e9lanie Druesne Naturopathe\" \/>\n<meta property=\"og:url\" content=\"https:\/\/melanienaturo.fr\/index.php\/les-prestations\/\" \/>\n<meta property=\"og:site_name\" content=\"M\u00e9lanie Druesne Naturopathe\" \/>\n<meta property=\"article:modified_time\" content=\"2026-04-12T13:58:43+00:00\" \/>\n<meta property=\"og:image\" content=\"https:\/\/melanienaturo.fr\/wp-content\/uploads\/2026\/04\/pexels-lilartsy-2838506-scaled.jpg\" \/>\n\t<meta property=\"og:image:width\" content=\"1588\" \/>\n\t<meta property=\"og:image:height\" content=\"2560\" \/>\n\t<meta property=\"og:image:type\" content=\"image\/jpeg\" \/>\n<meta name=\"twitter:card\" content=\"summary_large_image\" \/>\n<meta name=\"twitter:label1\" content=\"Dur\u00e9e de lecture estim\u00e9e\" \/>\n\t<meta name=\"twitter:data1\" content=\"3 minutes\" \/>\n<script type=\"application\/ld+json\" class=\"yoast-schema-graph\">{\"@context\":\"https:\\\/\\\/schema.org\",\"@graph\":[{\"@type\":\"WebPage\",\"@id\":\"https:\\\/\\\/melanienaturo.fr\\\/index.php\\\/les-prestations\\\/\",\"url\":\"https:\\\/\\\/melanienaturo.fr\\\/index.php\\\/les-prestations\\\/\",\"name\":\"Les prestations - M\u00e9lanie Druesne Naturopathe\",\"isPartOf\":{\"@id\":\"https:\\\/\\\/melanienaturo.fr\\\/#website\"},\"primaryImageOfPage\":{\"@id\":\"https:\\\/\\\/melanienaturo.fr\\\/index.php\\\/les-prestations\\\/#primaryimage\"},\"image\":{\"@id\":\"https:\\\/\\\/melanienaturo.fr\\\/index.php\\\/les-prestations\\\/#primaryimage\"},\"thumbnailUrl\":\"https:\\\/\\\/melanienaturo.fr\\\/wp-content\\\/uploads\\\/2026\\\/04\\\/pexels-lilartsy-2838506-635x1024.jpg\",\"datePublished\":\"2026-04-12T13:58:42+00:00\",\"dateModified\":\"2026-04-12T13:58:43+00:00\",\"breadcrumb\":{\"@id\":\"https:\\\/\\\/melanienaturo.fr\\\/index.php\\\/les-prestations\\\/#breadcrumb\"},\"inLanguage\":\"fr-FR\",\"potentialAction\":[{\"@type\":\"ReadAction\",\"target\":[\"https:\\\/\\\/melanienaturo.fr\\\/index.php\\\/les-prestations\\\/\"]}]},{\"@type\":\"ImageObject\",\"inLanguage\":\"fr-FR\",\"@id\":\"https:\\\/\\\/melanienaturo.fr\\\/index.php\\\/les-prestations\\\/#primaryimage\",\"url\":\"https:\\\/\\\/melanienaturo.fr\\\/wp-content\\\/uploads\\\/2026\\\/04\\\/pexels-lilartsy-2838506-scaled.jpg\",\"contentUrl\":\"https:\\\/\\\/melanienaturo.fr\\\/wp-content\\\/uploads\\\/2026\\\/04\\\/pexels-lilartsy-2838506-scaled.jpg\",\"width\":1588,\"height\":2560},{\"@type\":\"BreadcrumbList\",\"@id\":\"https:\\\/\\\/melanienaturo.fr\\\/index.php\\\/les-prestations\\\/#breadcrumb\",\"itemListElement\":[{\"@type\":\"ListItem\",\"position\":1,\"name\":\"Accueil\",\"item\":\"https:\\\/\\\/melanienaturo.fr\\\/\"},{\"@type\":\"ListItem\",\"position\":2,\"name\":\"Les prestations\"}]},{\"@type\":\"WebSite\",\"@id\":\"https:\\\/\\\/melanienaturo.fr\\\/#website\",\"url\":\"https:\\\/\\\/melanienaturo.fr\\\/\",\"name\":\"M\u00e9lanie Druesne Naturopathe\",\"description\":\"Naturopathie et ateliers en Essonne 91\",\"publisher\":{\"@id\":\"https:\\\/\\\/melanienaturo.fr\\\/#\\\/schema\\\/person\\\/1f9d534f982cf478ce9f8207c5a6e0f9\"},\"potentialAction\":[{\"@type\":\"SearchAction\",\"target\":{\"@type\":\"EntryPoint\",\"urlTemplate\":\"https:\\\/\\\/melanienaturo.fr\\\/?s={search_term_string}\"},\"query-input\":{\"@type\":\"PropertyValueSpecification\",\"valueRequired\":true,\"valueName\":\"search_term_string\"}}],\"inLanguage\":\"fr-FR\"},{\"@type\":[\"Person\",\"Organization\"],\"@id\":\"https:\\\/\\\/melanienaturo.fr\\\/#\\\/schema\\\/person\\\/1f9d534f982cf478ce9f8207c5a6e0f9\",\"name\":\"admin6255\",\"image\":{\"@type\":\"ImageObject\",\"inLanguage\":\"fr-FR\",\"@id\":\"https:\\\/\\\/melanienaturo.fr\\\/wp-content\\\/uploads\\\/2026\\\/02\\\/LogoHEader.jpg\",\"url\":\"https:\\\/\\\/melanienaturo.fr\\\/wp-content\\\/uploads\\\/2026\\\/02\\\/LogoHEader.jpg\",\"contentUrl\":\"https:\\\/\\\/melanienaturo.fr\\\/wp-content\\\/uploads\\\/2026\\\/02\\\/LogoHEader.jpg\",\"width\":324,\"height\":188,\"caption\":\"admin6255\"},\"logo\":{\"@id\":\"https:\\\/\\\/melanienaturo.fr\\\/wp-content\\\/uploads\\\/2026\\\/02\\\/LogoHEader.jpg\"},\"sameAs\":[\"http:\\\/\\\/melanij.cluster027.hosting.ovh.net\"]}]}<\/script>\n<!-- \/ Yoast SEO plugin. -->","yoast_head_json":{"title":"Les prestations - M\u00e9lanie Druesne Naturopathe","robots":{"index":"index","follow":"follow","max-snippet":"max-snippet:-1","max-image-preview":"max-image-preview:large","max-video-preview":"max-video-preview:-1"},"canonical":"https:\/\/melanienaturo.fr\/index.php\/les-prestations\/","og_locale":"fr_FR","og_type":"article","og_title":"Les prestations - M\u00e9lanie Druesne Naturopathe","og_url":"https:\/\/melanienaturo.fr\/index.php\/les-prestations\/","og_site_name":"M\u00e9lanie Druesne Naturopathe","article_modified_time":"2026-04-12T13:58:43+00:00","og_image":[{"width":1588,"height":2560,"url":"https:\/\/melanienaturo.fr\/wp-content\/uploads\/2026\/04\/pexels-lilartsy-2838506-scaled.jpg","type":"image\/jpeg"}],"twitter_card":"summary_large_image","twitter_misc":{"Dur\u00e9e de lecture estim\u00e9e":"3 minutes"},"schema":{"@context":"https:\/\/schema.org","@graph":[{"@type":"WebPage","@id":"https:\/\/melanienaturo.fr\/index.php\/les-prestations\/","url":"https:\/\/melanienaturo.fr\/index.php\/les-prestations\/","name":"Les prestations - M\u00e9lanie Druesne Naturopathe","isPartOf":{"@id":"https:\/\/melanienaturo.fr\/#website"},"primaryImageOfPage":{"@id":"https:\/\/melanienaturo.fr\/index.php\/les-prestations\/#primaryimage"},"image":{"@id":"https:\/\/melanienaturo.fr\/index.php\/les-prestations\/#primaryimage"},"thumbnailUrl":"https:\/\/melanienaturo.fr\/wp-content\/uploads\/2026\/04\/pexels-lilartsy-2838506-635x1024.jpg","datePublished":"2026-04-12T13:58:42+00:00","dateModified":"2026-04-12T13:58:43+00:00","breadcrumb":{"@id":"https:\/\/melanienaturo.fr\/index.php\/les-prestations\/#breadcrumb"},"inLanguage":"fr-FR","potentialAction":[{"@type":"ReadAction","target":["https:\/\/melanienaturo.fr\/index.php\/les-prestations\/"]}]},{"@type":"ImageObject","inLanguage":"fr-FR","@id":"https:\/\/melanienaturo.fr\/index.php\/les-prestations\/#primaryimage","url":"https:\/\/melanienaturo.fr\/wp-content\/uploads\/2026\/04\/pexels-lilartsy-2838506-scaled.jpg","contentUrl":"https:\/\/melanienaturo.fr\/wp-content\/uploads\/2026\/04\/pexels-lilartsy-2838506-scaled.jpg","width":1588,"height":2560},{"@type":"BreadcrumbList","@id":"https:\/\/melanienaturo.fr\/index.php\/les-prestations\/#breadcrumb","itemListElement":[{"@type":"ListItem","position":1,"name":"Accueil","item":"https:\/\/melanienaturo.fr\/"},{"@type":"ListItem","position":2,"name":"Les prestations"}]},{"@type":"WebSite","@id":"https:\/\/melanienaturo.fr\/#website","url":"https:\/\/melanienaturo.fr\/","name":"M\u00e9lanie Druesne Naturopathe","description":"Naturopathie et ateliers en Essonne 91","publisher":{"@id":"https:\/\/melanienaturo.fr\/#\/schema\/person\/1f9d534f982cf478ce9f8207c5a6e0f9"},"potentialAction":[{"@type":"SearchAction","target":{"@type":"EntryPoint","urlTemplate":"https:\/\/melanienaturo.fr\/?s={search_term_string}"},"query-input":{"@type":"PropertyValueSpecification","valueRequired":true,"valueName":"search_term_string"}}],"inLanguage":"fr-FR"},{"@type":["Person","Organization"],"@id":"https:\/\/melanienaturo.fr\/#\/schema\/person\/1f9d534f982cf478ce9f8207c5a6e0f9","name":"admin6255","image":{"@type":"ImageObject","inLanguage":"fr-FR","@id":"https:\/\/melanienaturo.fr\/wp-content\/uploads\/2026\/02\/LogoHEader.jpg","url":"https:\/\/melanienaturo.fr\/wp-content\/uploads\/2026\/02\/LogoHEader.jpg","contentUrl":"https:\/\/melanienaturo.fr\/wp-content\/uploads\/2026\/02\/LogoHEader.jpg","width":324,"height":188,"caption":"admin6255"},"logo":{"@id":"https:\/\/melanienaturo.fr\/wp-content\/uploads\/2026\/02\/LogoHEader.jpg"},"sameAs":["http:\/\/melanij.cluster027.hosting.ovh.net"]}]}},"_links":{"self":[{"href":"https:\/\/melanienaturo.fr\/index.php\/wp-json\/wp\/v2\/pages\/120","targetHints":{"allow":["GET"]}}],"collection":[{"href":"https:\/\/melanienaturo.fr\/index.php\/wp-json\/wp\/v2\/pages"}],"about":[{"href":"https:\/\/melanienaturo.fr\/index.php\/wp-json\/wp\/v2\/types\/page"}],"author":[{"embeddable":true,"href":"https:\/\/melanienaturo.fr\/index.php\/wp-json\/wp\/v2\/users\/1"}],"replies":[{"embeddable":true,"href":"https:\/\/melanienaturo.fr\/index.php\/wp-json\/wp\/v2\/comments?post=120"}],"version-history":[{"count":1,"href":"https:\/\/melanienaturo.fr\/index.php\/wp-json\/wp\/v2\/pages\/120\/revisions"}],"predecessor-version":[{"id":125,"href":"https:\/\/melanienaturo.fr\/index.php\/wp-json\/wp\/v2\/pages\/120\/revisions\/125"}],"wp:attachment":[{"href":"https:\/\/melanienaturo.fr\/index.php\/wp-json\/wp\/v2\/media?parent=120"}],"curies":[{"name":"wp","href":"https:\/\/api.w.org\/{rel}","templated":true}]}}